{"id":1008,"date":"2026-01-19T12:27:09","date_gmt":"2026-01-19T12:27:09","guid":{"rendered":"https:\/\/stb-dao.vinabau.de\/?page_id=1008"},"modified":"2026-03-09T21:19:11","modified_gmt":"2026-03-09T21:19:11","slug":"phuong-anh-dao","status":"publish","type":"page","link":"https:\/\/stb-dao.de\/de\/kanzlei\/phuong-anh-dao\/","title":{"rendered":"Steuerberaterin Phuong Anh Dao"},"content":{"rendered":"<div class=\"row\"  id=\"row-2034625687\">\n\n\t<div id=\"col-2145821872\" class=\"col medium-6 small-12 large-6\"  >\n\t\t\t\t<div class=\"col-inner\"  >\n\t\t\t\n\t\t\t\n\t<div class=\"img has-hover x md-x lg-x y md-y lg-y\" id=\"image_83443585\">\n\t\t\t\t\t\t\t\t<div class=\"img-inner dark\" >\n\t\t\t<img loading=\"lazy\" decoding=\"async\" width=\"510\" height=\"766\" src=\"https:\/\/stb-dao.de\/wp-content\/uploads\/2026\/03\/steuerberaterin-phuong-anh-dao.jpg\" class=\"attachment-large size-large\" alt=\"\" srcset=\"https:\/\/stb-dao.de\/wp-content\/uploads\/2026\/03\/steuerberaterin-phuong-anh-dao.jpg 510w, https:\/\/stb-dao.de\/wp-content\/uploads\/2026\/03\/steuerberaterin-phuong-anh-dao-200x300.jpg 200w, https:\/\/stb-dao.de\/wp-content\/uploads\/2026\/03\/steuerberaterin-phuong-anh-dao-8x12.jpg 8w\" sizes=\"auto, (max-width: 510px) 100vw, 510px\" \/>\t\t\t\t\t\t\n\t\t\t\t\t<\/div>\n\t\t\t\t\t\t\t\t\n<style>\n#image_83443585 {\n  width: 100%;\n}\n<\/style>\n\t<\/div>\n\t\n\t\t<\/div>\n\t\t\t\t\t<\/div>\n\n\t\n\n\t<div id=\"col-595819735\" class=\"col medium-6 small-12 large-6\"  >\n\t\t\t\t<div class=\"col-inner text-left\"  >\n\t\t\t\n\t\t\t\n<h2 class=\"ci1\">Steuerberaterin Phuong Anh Dao<\/h2>\n<p>Ich stehe mit meiner Kanzlei f\u00fcr fundierte steuerliche Beratung, interkulturelle Kompetenz und eine pers\u00f6nliche, vertrauensvolle Zusammenarbeit.<\/p>\n<p>Als geb\u00fcrtige Vietnamesin, die ihre akademische Ausbildung in Deutschland absolviert hat, entwickelte ich bereits fr\u00fch ein starkes Interesse an Recht, Zahlen und steuerlichen Zusammenh\u00e4ngen. In meiner beruflichen Laufbahn war ich in unterschiedlichen Positionen t\u00e4tig, unter anderem als Steuer- und Revisionsassistentin, Pr\u00fcfungsleiterin sowie als angestellte Steuerberaterin in einer mittelst\u00e4ndischen Kanzlei. In dieser Zeit konnte ich umfassende fachliche Erfahrungen sammeln und Mandanten aus verschiedensten Branchen intensiv betreuen.<\/p>\n<p>Im Jahr 2022 entschied ich mich bewusst f\u00fcr den Schritt in die Selbstst\u00e4ndigkeit. Mein Ziel war und ist es, meine Mandantinnen und Mandanten individuell, verst\u00e4ndlich und l\u00f6sungsorientiert in steuerlichen Fragen zu begleiten. Besonders wichtig ist mir dabei die Verbindung aus hoher fachlicher Expertise und meiner mehrsprachigen sowie interkulturellen Kompetenz, durch die ich insbesondere international t\u00e4tige Unternehmerinnen und Unternehmer gezielt unterst\u00fctzen kann.<\/p>\n<p>Heute arbeite ich gemeinsam mit einem jungen, engagierten und stetig wachsenden Team von rund 20 Mitarbeitenden. Wir betreuen Mandanten aus unterschiedlichen Branchen, darunter Gastronomie, Immobilienwirtschaft, Import und Export, Kosmetik sowie Gro\u00df- und Einzelhandel. Dabei beraten wir Unternehmen verschiedenster Rechtsformen und Gr\u00f6\u00dfen ebenso wie Selbstst\u00e4ndige und Privatpersonen.<\/p>\n<p>Mein Anspruch ist es, nicht nur steuerliche Pflichten zu erf\u00fcllen, sondern meine Mandanten langfristig zu begleiten, zu entlasten und aktiv zu ihrem wirtschaftlichen Erfolg beizutragen.<\/p>\n<a href=\"\/kontakt\" target=\"_self\" class=\"button primary\"  style=\"border-radius:99px;\">\n    <span>Jetzt Termin vereinbaren<\/span>\n  <\/a>\n\n\t\t<\/div>\n\t\t\t\t\t<\/div>\n\n\t\n<\/div>\n","protected":false},"excerpt":{"rendered":"","protected":false},"author":3,"featured_media":0,"parent":1010,"menu_order":0,"comment_status":"closed","ping_status":"closed","template":"","meta":{"footnotes":""},"class_list":["post-1008","page","type-page","status-publish","hentry"],"_links":{"self":[{"href":"https:\/\/stb-dao.de\/de\/wp-json\/wp\/v2\/pages\/1008","targetHints":{"allow":["GET"]}}],"collection":[{"href":"https:\/\/stb-dao.de\/de\/wp-json\/wp\/v2\/pages"}],"about":[{"href":"https:\/\/stb-dao.de\/de\/wp-json\/wp\/v2\/types\/page"}],"author":[{"embeddable":true,"href":"https:\/\/stb-dao.de\/de\/wp-json\/wp\/v2\/users\/3"}],"replies":[{"embeddable":true,"href":"https:\/\/stb-dao.de\/de\/wp-json\/wp\/v2\/comments?post=1008"}],"version-history":[{"count":6,"href":"https:\/\/stb-dao.de\/de\/wp-json\/wp\/v2\/pages\/1008\/revisions"}],"predecessor-version":[{"id":1290,"href":"https:\/\/stb-dao.de\/de\/wp-json\/wp\/v2\/pages\/1008\/revisions\/1290"}],"up":[{"embeddable":true,"href":"https:\/\/stb-dao.de\/de\/wp-json\/wp\/v2\/pages\/1010"}],"wp:attachment":[{"href":"https:\/\/stb-dao.de\/de\/wp-json\/wp\/v2\/media?parent=1008"}],"curies":[{"name":"wp","href":"https:\/\/api.w.org\/{rel}","templated":true}]}}