{"id":1115,"date":"2026-01-27T16:03:38","date_gmt":"2026-01-27T16:03:38","guid":{"rendered":"https:\/\/stb-dao.vinabau.de\/?page_id=1115"},"modified":"2026-01-28T21:33:42","modified_gmt":"2026-01-28T21:33:42","slug":"mandanten","status":"publish","type":"page","link":"https:\/\/stb-dao.de\/de\/mandanten\/","title":{"rendered":"Mandanten"},"content":{"rendered":"<div class=\"row\"  id=\"row-877642290\">\n\n\t<div id=\"col-1648758595\" class=\"col small-12 large-12\"  >\n\t\t\t\t<div class=\"col-inner\"  >\n\t\t\t\n\t\t\t\n<h3>Professioneller Steuerberatungsservice f\u00fcr Ihre Steuererkl\u00e4rung<\/h3>\n<p>Auf den folgenden Seiten bieten wir Ihnen zus\u00e4tzliche Informationen und Downloads rund um das Thema Steuererkl\u00e4rung und Steuerberatung.<\/p>\n\t\t<\/div>\n\t\t\t\t\t<\/div>\n\n\t\n<\/div>\n<div class=\"row\"  id=\"row-46961031\">\n\n\t<div id=\"col-1714338907\" class=\"col medium-6 small-12 large-6\"  >\n\t\t\t\t<div class=\"col-inner\"  >\n\t\t\t\n\t\t\t\n<h4 class=\"uppercase\">Downloads<\/h4>\n<p>Hier finden Sie hilfreiche Dokumente, Vorlagen und Formulare.<\/p>\n<a href=\"\/service\/download\/\" target=\"_self\" class=\"button primary expand\"  style=\"border-radius:99px;\">\n    <span>Downloads<\/span>\n  <\/a>\n\n\t\t<\/div>\n\t\t\t\t\t<\/div>\n\n\t\n\n\t<div id=\"col-1557369800\" class=\"col medium-6 small-12 large-6\"  >\n\t\t\t\t<div class=\"col-inner\"  >\n\t\t\t\n\t\t\t\n<h4 class=\"uppercase\">Checklisten<\/h4>\n<p>\u00dcbersicht aller Unterlagen f\u00fcr Ihre Einkommensteuererkl\u00e4rung.<\/p>\n<a href=\"\/service\/checklisten\" target=\"_self\" class=\"button primary expand\"  style=\"border-radius:99px;\">\n    <span>Checkliste<\/span>\n  <\/a>\n\n\t\t<\/div>\n\t\t\t\t\t<\/div>\n\n\t\n<\/div>\n<div class=\"row\"  id=\"row-1998508180\">\n\n\t<div id=\"col-1832585218\" class=\"col small-12 large-12\"  >\n\t\t\t\t<div class=\"col-inner\"  >\n\t\t\t\n\t\t\t\n\t<div class=\"img has-hover x md-x lg-x y md-y lg-y\" id=\"image_582588076\">\n\t\t\t\t\t\t\t\t<div class=\"img-inner dark\" >\n\t\t\t<img loading=\"lazy\" decoding=\"async\" width=\"1020\" height=\"680\" src=\"https:\/\/stb-dao.de\/wp-content\/uploads\/2026\/01\/6863329-1024x683.jpeg\" class=\"attachment-large size-large\" alt=\"A flat lay image of tax forms, calculator, and office supplies on a desk.\" srcset=\"https:\/\/stb-dao.de\/wp-content\/uploads\/2026\/01\/6863329-1024x683.jpeg 1024w, https:\/\/stb-dao.de\/wp-content\/uploads\/2026\/01\/6863329-300x200.jpeg 300w, https:\/\/stb-dao.de\/wp-content\/uploads\/2026\/01\/6863329-768x512.jpeg 768w, https:\/\/stb-dao.de\/wp-content\/uploads\/2026\/01\/6863329-1536x1024.jpeg 1536w, https:\/\/stb-dao.de\/wp-content\/uploads\/2026\/01\/6863329-18x12.jpeg 18w, https:\/\/stb-dao.de\/wp-content\/uploads\/2026\/01\/6863329.jpeg 1600w\" sizes=\"auto, (max-width: 1020px) 100vw, 1020px\" \/>\t\t\t\t\t\t\n\t\t\t\t\t<\/div>\n\t\t\t\t\t\t\t\t\n<style>\n#image_582588076 {\n  width: 100%;\n}\n<\/style>\n\t<\/div>\n\t\n\t\t<\/div>\n\t\t\t\t\t<\/div>\n\n\t\n<\/div>\n","protected":false},"excerpt":{"rendered":"","protected":false},"author":3,"featured_media":0,"parent":0,"menu_order":0,"comment_status":"closed","ping_status":"closed","template":"","meta":{"footnotes":""},"class_list":["post-1115","page","type-page","status-publish","hentry"],"_links":{"self":[{"href":"https:\/\/stb-dao.de\/de\/wp-json\/wp\/v2\/pages\/1115","targetHints":{"allow":["GET"]}}],"collection":[{"href":"https:\/\/stb-dao.de\/de\/wp-json\/wp\/v2\/pages"}],"about":[{"href":"https:\/\/stb-dao.de\/de\/wp-json\/wp\/v2\/types\/page"}],"author":[{"embeddable":true,"href":"https:\/\/stb-dao.de\/de\/wp-json\/wp\/v2\/users\/3"}],"replies":[{"embeddable":true,"href":"https:\/\/stb-dao.de\/de\/wp-json\/wp\/v2\/comments?post=1115"}],"version-history":[{"count":9,"href":"https:\/\/stb-dao.de\/de\/wp-json\/wp\/v2\/pages\/1115\/revisions"}],"predecessor-version":[{"id":1250,"href":"https:\/\/stb-dao.de\/de\/wp-json\/wp\/v2\/pages\/1115\/revisions\/1250"}],"wp:attachment":[{"href":"https:\/\/stb-dao.de\/de\/wp-json\/wp\/v2\/media?parent=1115"}],"curies":[{"name":"wp","href":"https:\/\/api.w.org\/{rel}","templated":true}]}}