{"id":1137,"date":"2026-01-27T21:58:14","date_gmt":"2026-01-27T21:58:14","guid":{"rendered":"https:\/\/stb-dao.vinabau.de\/?page_id=1137"},"modified":"2026-03-09T21:08:25","modified_gmt":"2026-03-09T21:08:25","slug":"finanzbuchhaltung","status":"publish","type":"page","link":"https:\/\/stb-dao.de\/de\/leistungen\/finanzbuchhaltung\/","title":{"rendered":"Finanzbuchhaltung"},"content":{"rendered":"\t<section class=\"section\" id=\"section_310746994\">\n\t\t<div class=\"bg section-bg fill bg-fill  bg-loaded\" >\n\n\t\t\t\n\t\t\t<div class=\"section-bg-overlay absolute fill\"><\/div>\n\t\t\t\n\n\t\t<\/div>\n\n\t\t<div class=\"section-content relative\">\n\t\t\t\n<div class=\"row row-large\"  id=\"row-385197735\">\n\n\n\t<div id=\"col-1721089339\" class=\"col small-12 large-12\"  >\n\t\t\t\t<div class=\"col-inner text-left\"  >\n\t\t\t\n\t\t\t\n<h1 class=\"ci1\">Finanzbuchhaltung f\u00fcr Unternehmen<\/h1>\n<h6>Solide Zahlen als Grundlage f\u00fcr Ihren Erfolg<\/h6>\n<p>Die Finanzbuchhaltung bildet das Fundament f\u00fcr eine erfolgreiche Unternehmensf\u00fchrung und rechtssichere steuerliche Entscheidungen. Sie liefert transparente Auswertungen, verl\u00e4ssliche Zahlen und die Basis f\u00fcr eine sichere Zukunftsplanung.<\/p>\n<p>Die<strong> AD Steuerberatungsgesellschaft<\/strong> mbH bietet Ihnen eine moderne,<strong> digitale Finanzbuchhaltung<\/strong> in Deutschland, individuell abgestimmt auf Ihre Branche und Unternehmensgr\u00f6\u00dfe. Wir betreuen Unternehmen aus den Bereichen Gastronomie, Beauty &amp; Cosmetics, Gro\u00dfhandel, Import\/Export und Immobilien und verf\u00fcgen \u00fcber umfassende Erfahrung mit unterschiedlichsten Gesch\u00e4ftsmodellen. Selbstverst\u00e4ndlich unterst\u00fctzen wir dar\u00fcber hinaus auch Unternehmen aus vielen weiteren Branchen.<\/p>\n<h6>Buchf\u00fchrung bei Ihnen im Unternehmen<\/h6>\n<p>Wenn Sie oder Ihre Mitarbeitenden \u00fcber Grundkenntnisse in der Buchhaltung verf\u00fcgen, stellen wir Ihnen ein ma\u00dfgeschneidertes DATEV-Buchhaltungsprogramm zur Verf\u00fcgung.<\/p>\n<h6>Ihre Vorteile:<\/h6>\n<ul>\n<li>\n<p><span style=\"color: #555555; font-size: 14.4px;\">Buchhaltung direkt im eigenen Unternehmen<\/span><\/p>\n<\/li>\n<li>\n<p><span style=\"color: #555555; font-size: 14.4px;\">Eigene Erstellung von Auswertungen<\/span><\/p>\n<\/li>\n<li>\n<p><span style=\"color: #555555; font-size: 14.4px;\">Sicherer Datenaustausch mit unserer Kanzlei<\/span><\/p>\n<\/li>\n<li>\n<p><span style=\"color: #555555; font-size: 14.4px;\">Effiziente Zusammenarbeit bei der Jahresabschlusserstellung<\/span><\/p>\n<\/li>\n<\/ul>\n<p>So behalten Sie die Kontrolle, w\u00e4hrend wir Sie als erfahrener Steuerberater f\u00fcr Finanzbuchhaltung professionell begleiten.<\/p>\n<h6>Buchf\u00fchrung durch unsere Kanzlei<\/h6>\n<p>Auf Wunsch \u00fcbernehmen wir Ihre komplette <strong>Buchhaltung f\u00fcr Unternehmen in Deutschland<\/strong>. Unser Leistungsumfang umfasst:<\/p>\n<ul>\n<li><span style=\"color: #555555; font-size: 14.4px;\">Vorkontierung und Pr\u00fcfung Ihrer Belege<\/span><\/li>\n<li><span style=\"color: #555555; font-size: 14.4px;\">Digitale Verarbeitung mit DATEV<\/span><\/li>\n<li><span style=\"color: #555555; font-size: 14.4px;\">Erstellung aussagekr\u00e4ftiger betriebswirtschaftlicher Auswertungen<\/span><\/li>\n<li><span style=\"color: #555555; font-size: 14.4px;\">Termingerechte \u00dcbermittlung aller Daten<\/span><\/li>\n<li><span style=\"color: #555555; font-size: 14.4px;\">Regelm\u00e4\u00dfige Kontenabstimmung f\u00fcr realistische Ergebnisse<\/span><\/li>\n<\/ul>\n<p>Damit erhalten Sie eine <strong>Finanzbuchhaltung in Deutschland<\/strong>, die Ihnen klare Entscheidungsgrundlagen liefert, Risiken minimiert und Ihre Unternehmensentwicklung aktiv unterst\u00fctzt.<\/p>\n<a href=\"\/kontakt\" target=\"_self\" class=\"button primary\"  style=\"border-radius:99px;\">\n    <span>Jetzt Termin vereinbaren<\/span>\n  <\/a>\n\n\t\t<\/div>\n\t\t\t\t\t<\/div>\n\n\t\n<\/div>\n\t\t<\/div>\n\n\t\t\n<style>\n#section_310746994 {\n  padding-top: 60px;\n  padding-bottom: 60px;\n}\n#section_310746994 .section-bg-overlay {\n  background-color: rgba(255, 255, 255, 0.85);\n}\n<\/style>\n\t<\/section>\n\t\n","protected":false},"excerpt":{"rendered":"","protected":false},"author":3,"featured_media":0,"parent":135,"menu_order":0,"comment_status":"closed","ping_status":"closed","template":"","meta":{"footnotes":""},"class_list":["post-1137","page","type-page","status-publish","hentry"],"_links":{"self":[{"href":"https:\/\/stb-dao.de\/de\/wp-json\/wp\/v2\/pages\/1137","targetHints":{"allow":["GET"]}}],"collection":[{"href":"https:\/\/stb-dao.de\/de\/wp-json\/wp\/v2\/pages"}],"about":[{"href":"https:\/\/stb-dao.de\/de\/wp-json\/wp\/v2\/types\/page"}],"author":[{"embeddable":true,"href":"https:\/\/stb-dao.de\/de\/wp-json\/wp\/v2\/users\/3"}],"replies":[{"embeddable":true,"href":"https:\/\/stb-dao.de\/de\/wp-json\/wp\/v2\/comments?post=1137"}],"version-history":[{"count":7,"href":"https:\/\/stb-dao.de\/de\/wp-json\/wp\/v2\/pages\/1137\/revisions"}],"predecessor-version":[{"id":1287,"href":"https:\/\/stb-dao.de\/de\/wp-json\/wp\/v2\/pages\/1137\/revisions\/1287"}],"up":[{"embeddable":true,"href":"https:\/\/stb-dao.de\/de\/wp-json\/wp\/v2\/pages\/135"}],"wp:attachment":[{"href":"https:\/\/stb-dao.de\/de\/wp-json\/wp\/v2\/media?parent=1137"}],"curies":[{"name":"wp","href":"https:\/\/api.w.org\/{rel}","templated":true}]}}