{"id":1219,"date":"2026-01-28T13:12:40","date_gmt":"2026-01-28T13:12:40","guid":{"rendered":"https:\/\/stb-dao.vinabau.de\/?page_id=1219"},"modified":"2026-03-15T20:16:59","modified_gmt":"2026-03-15T20:16:59","slug":"lohn-gehaltsabrechnung","status":"publish","type":"page","link":"https:\/\/stb-dao.de\/de\/leistungen\/lohn-gehaltsabrechnung\/","title":{"rendered":"Lohn- &#038; Gehaltsabrechnung"},"content":{"rendered":"<div class=\"row\"  id=\"row-1993876960\">\n\n\t<div id=\"col-1838060323\" class=\"col small-12 large-12\"  >\n\t\t\t\t<div class=\"col-inner\"  >\n\t\t\t\n\t\t\t\n<h1 class=\"ci1\">Lohn- &amp; Gehaltsabrechnung f\u00fcr Unternehmen<\/h1>\n<p><strong>Ihre Lohnabrechnung in professionellen H\u00e4nden<\/strong><\/p>\n<p>Eine korrekte und termingerechte Lohn- und Gehaltsabrechnung ist entscheidend f\u00fcr zufriedene Mitarbeiter und die Einhaltung aller gesetzlichen Vorgaben. Die AD Steuerberatungsgesellschaft mbH \u00fcbernimmt Ihre Lohnabrechnung in Deutschland zuverl\u00e4ssig, digital und rechtssicher \u2013 damit Sie sich voll auf Ihr Kerngesch\u00e4ft konzentrieren k\u00f6nnen.<\/p>\n<p>Wir betreuen Unternehmen aus den Bereichen Gastronomie, Beauty &amp; Cosmetics, Gro\u00dfhandel, Import\/Export und Immobilien und verf\u00fcgen \u00fcber umfassende Erfahrung mit unterschiedlichsten Gesch\u00e4ftsmodellen und Unternehmensstrukturen. Dar\u00fcber hinaus unterst\u00fctzen wir selbstverst\u00e4ndlich auch Unternehmen aus vielen weiteren Branchen.<\/p>\n<p><strong>Unsere Leistungen in der Lohn- &amp; Gehaltsabrechnung<\/strong><\/p>\n<p>Unser Service umfasst die vollst\u00e4ndige Abwicklung Ihrer Lohn- und Gehaltsabrechnung f\u00fcr Unternehmen:<\/p>\n<ul>\n<li>Digitale Lohn- und Gehaltsabrechnung<\/li>\n<li>Digitale Bereitstellung s\u00e4mtlicher Auswertungen<\/li>\n<li>Monatliche Erstellung der Lohn- und Gehaltsabrechnungen<\/span><\/li>\n<li>F\u00fchrung der Lohnkonten<\/li>\n<li>Anmeldung und Abf\u00fchrung der Lohnsteuer<\/li>\n<li>Erstellung von Beitragsnachweisen<\/li>\n<li>Meldungen an Sozialversicherungstr\u00e4ger<\/li>\n<li>Erstellung von Lohnsteuerbescheinigungen<\/li>\n<li>Erstellung von Zahlungstr\u00e4gern<\/li>\n<li>Betreuung und Begleitung von Pr\u00fcfungen<br \/>(Finanzamt, Sozialversicherung, Berufsgenossossenschaft, Agentur f\u00fcr Arbeit)<\/span><\/li>\n<li>Unterst\u00fctzung bei der Beantragung von Kurzarbeitergeld<\/span><\/li>\n<\/ul>\n<p>Als erfahrener Steuerberater f\u00fcr Lohnabrechnung in Deutschland sorgen wir f\u00fcr Sicherheit, Transparenz und sp\u00fcrbare Entlastung in Ihrem Arbeitsalltag.<\/p>\n<a href=\"\/kontakt\" target=\"_self\" class=\"button primary\"  style=\"border-radius:99px;\">\n    <span>Jetzt Termin vereinbaren<\/span>\n  <\/a>\n\n\t\t<\/div>\n\t\t\t\t\t<\/div>\n\n\t\n<\/div>\n","protected":false},"excerpt":{"rendered":"","protected":false},"author":3,"featured_media":0,"parent":135,"menu_order":0,"comment_status":"closed","ping_status":"closed","template":"","meta":{"footnotes":""},"class_list":["post-1219","page","type-page","status-publish","hentry"],"_links":{"self":[{"href":"https:\/\/stb-dao.de\/de\/wp-json\/wp\/v2\/pages\/1219","targetHints":{"allow":["GET"]}}],"collection":[{"href":"https:\/\/stb-dao.de\/de\/wp-json\/wp\/v2\/pages"}],"about":[{"href":"https:\/\/stb-dao.de\/de\/wp-json\/wp\/v2\/types\/page"}],"author":[{"embeddable":true,"href":"https:\/\/stb-dao.de\/de\/wp-json\/wp\/v2\/users\/3"}],"replies":[{"embeddable":true,"href":"https:\/\/stb-dao.de\/de\/wp-json\/wp\/v2\/comments?post=1219"}],"version-history":[{"count":8,"href":"https:\/\/stb-dao.de\/de\/wp-json\/wp\/v2\/pages\/1219\/revisions"}],"predecessor-version":[{"id":1319,"href":"https:\/\/stb-dao.de\/de\/wp-json\/wp\/v2\/pages\/1219\/revisions\/1319"}],"up":[{"embeddable":true,"href":"https:\/\/stb-dao.de\/de\/wp-json\/wp\/v2\/pages\/135"}],"wp:attachment":[{"href":"https:\/\/stb-dao.de\/de\/wp-json\/wp\/v2\/media?parent=1219"}],"curies":[{"name":"wp","href":"https:\/\/api.w.org\/{rel}","templated":true}]}}