{"id":1221,"date":"2026-01-28T13:12:58","date_gmt":"2026-01-28T13:12:58","guid":{"rendered":"https:\/\/stb-dao.vinabau.de\/?page_id=1221"},"modified":"2026-03-15T20:18:13","modified_gmt":"2026-03-15T20:18:13","slug":"jahresabschluss","status":"publish","type":"page","link":"https:\/\/stb-dao.de\/de\/leistungen\/jahresabschluss\/","title":{"rendered":"Jahresabschluss"},"content":{"rendered":"<div class=\"row\"  id=\"row-1038627543\">\n\n\t<div id=\"col-1659488602\" class=\"col small-12 large-12\"  >\n\t\t\t\t<div class=\"col-inner\"  >\n\t\t\t\n\t\t\t\n<h1 class=\"ci1\">Jahresabschluss f\u00fcr Unternehmen<\/h1>\n<p><strong>Rechtssicher, transparent und aussagekr\u00e4ftig<\/strong><\/p>\n<p>Ein professionell erstellter Jahresabschluss ist die Grundlage f\u00fcr fundierte unternehmerische Entscheidungen, Gespr\u00e4che mit Banken und die rechtssichere Erf\u00fcllung Ihrer steuerlichen Pflichten. Klare Zahlen schaffen Vertrauen \u2013 nach innen wie nach au\u00dfen.<\/p>\n<p>Die <strong>AD Steuerberatungsgesellschaft mbH<\/strong> erstellt Ihren <strong>Jahresabschluss in Deutschland<\/strong> vollst\u00e4ndig, sorgf\u00e4ltig und nach aktuellen gesetzlichen Vorgaben. Wir betreuen Unternehmen aus den Bereichen Gastronomie, Beauty &amp; Cosmetics, Gro\u00dfhandel, Import\/Export und Immobilien und verf\u00fcgen \u00fcber breite Erfahrung mit unterschiedlichsten Unternehmensstrukturen. Dar\u00fcber hinaus unterst\u00fctzen wir selbstverst\u00e4ndlich auch Unternehmen aus vielen weiteren Branchen.<\/p>\n<p><strong>Unsere Leistungen im Bereich Jahresabschluss<\/strong><\/p>\n<p>Wir erstellen f\u00fcr Sie einen vollumf\u00e4nglichen Jahresabschluss mit allen erforderlichen Auswertungen und Bestandteilen:<\/p>\n<ul>\n<li>Bilanz<\/li>\n<li>Gewinn- und Verlustrechnung (GuV)<\/li>\n<li>Anhang sowie Erl\u00e4uterungsberichte<br \/>(z. B. Lagebericht, Bilanzbericht)<\/li>\n<li>Sonder- und Erg\u00e4nzungsbilanzen<\/li>\n<li>Einnahme-\u00dcberschuss-Rechnungen (E\u00dcR)<\/li>\n<\/ul>\n<p>Alle Unterlagen werden von uns sorgf\u00e4ltig aufbereitet und bilden eine verl\u00e4ssliche Grundlage f\u00fcr Ihre steuerliche Deklaration sowie f\u00fcr Gespr\u00e4che mit Banken, Investoren oder Gesch\u00e4ftspartnern.<\/p>\n<p><strong>Ihr Vorteil mit uns<\/strong><\/p>\n<p>Als erfahrener Steuerberater f\u00fcr Jahresabschluss in Deutschland achten wir nicht nur auf die formale Korrektheit, sondern auch auf betriebswirtschaftliche Zusammenh\u00e4nge. So erhalten Sie nicht nur Zahlen, sondern wertvolle Einblicke in die Entwicklung Ihres Unternehmens.<\/p>\n<p>Durch unsere zweisprachige Betreuung auf <strong>Deutsch und Vietnamesisch<\/strong> stellen wir sicher, dass auch komplexe steuerliche Sachverhalte verst\u00e4ndlich erkl\u00e4rt werden und Sie jederzeit den \u00dcberblick \u00fcber Ihre Unternehmenszahlen behalten.<\/p>\n<a href=\"\/kontakt\" target=\"_self\" class=\"button primary\"  style=\"border-radius:99px;\">\n    <span>Jetzt Termin vereinbaren<\/span>\n  <\/a>\n\n\t\t<\/div>\n\t\t\t\t\t<\/div>\n\n\t\n<\/div>\n","protected":false},"excerpt":{"rendered":"","protected":false},"author":3,"featured_media":0,"parent":135,"menu_order":0,"comment_status":"closed","ping_status":"closed","template":"","meta":{"footnotes":""},"class_list":["post-1221","page","type-page","status-publish","hentry"],"_links":{"self":[{"href":"https:\/\/stb-dao.de\/de\/wp-json\/wp\/v2\/pages\/1221","targetHints":{"allow":["GET"]}}],"collection":[{"href":"https:\/\/stb-dao.de\/de\/wp-json\/wp\/v2\/pages"}],"about":[{"href":"https:\/\/stb-dao.de\/de\/wp-json\/wp\/v2\/types\/page"}],"author":[{"embeddable":true,"href":"https:\/\/stb-dao.de\/de\/wp-json\/wp\/v2\/users\/3"}],"replies":[{"embeddable":true,"href":"https:\/\/stb-dao.de\/de\/wp-json\/wp\/v2\/comments?post=1221"}],"version-history":[{"count":4,"href":"https:\/\/stb-dao.de\/de\/wp-json\/wp\/v2\/pages\/1221\/revisions"}],"predecessor-version":[{"id":1320,"href":"https:\/\/stb-dao.de\/de\/wp-json\/wp\/v2\/pages\/1221\/revisions\/1320"}],"up":[{"embeddable":true,"href":"https:\/\/stb-dao.de\/de\/wp-json\/wp\/v2\/pages\/135"}],"wp:attachment":[{"href":"https:\/\/stb-dao.de\/de\/wp-json\/wp\/v2\/media?parent=1221"}],"curies":[{"name":"wp","href":"https:\/\/api.w.org\/{rel}","templated":true}]}}