{"id":1223,"date":"2026-01-28T13:13:19","date_gmt":"2026-01-28T13:13:19","guid":{"rendered":"https:\/\/stb-dao.vinabau.de\/?page_id=1223"},"modified":"2026-03-15T20:19:52","modified_gmt":"2026-03-15T20:19:52","slug":"steuererklaerung","status":"publish","type":"page","link":"https:\/\/stb-dao.de\/de\/leistungen\/steuererklaerung\/","title":{"rendered":"Steuererkl\u00e4rung"},"content":{"rendered":"<div class=\"row\"  id=\"row-136068615\">\n\n\t<div id=\"col-254888984\" class=\"col small-12 large-12\"  >\n\t\t\t\t<div class=\"col-inner\"  >\n\t\t\t\n\t\t\t\n<h1 class=\"ci1\">Steuererkl\u00e4rungen<\/h1>\n<p><strong>Sicher, vollst\u00e4ndig und fristgerecht<\/strong><\/p>\n<p>Steuererkl\u00e4rungen sind ein zentraler Bestandteil Ihrer finanziellen und unternehmerischen Pflichten. Fehler oder Vers\u00e4umnisse k\u00f6nnen schnell zu Nachzahlungen oder rechtlichen Nachteilen f\u00fchren. Mit einer professionellen Begleitung stellen Sie sicher, dass alle Angaben korrekt, vollst\u00e4ndig und gesetzeskonform sind.<\/p>\n<p>Die <strong>AD Steuerberatungsgesellschaft mbH<\/strong> erstellt Ihre <strong>Steuererkl\u00e4rungen in Deutschland<\/strong> zuverl\u00e4ssig und termingerecht. Wir betreuen Unternehmen aus den Bereichen Gastronomie, Beauty &amp; Cosmetics, Gro\u00dfhandel, Import\/Export und Immobilien sowie selbstverst\u00e4ndlich auch Mandanten aus vielen weiteren Branchen und T\u00e4tigkeitsfeldern.<\/p>\n<p><strong>Unsere Leistungen im Bereich betriebliche Steuererkl\u00e4rungen<\/strong><\/p>\n<p>Wir \u00fcbernehmen die vollst\u00e4ndige Erstellung aller relevanten Steuererkl\u00e4rungen f\u00fcr Ihr Unternehmen, zum Beispiel:<\/p>\n<ul>\n<li>K\u00f6rperschaftsteuererkl\u00e4rungen<\/li>\n<li>Gewerbesteuererkl\u00e4rungen<\/li>\n<li>Umsatzsteuererkl\u00e4rungen<\/li>\n<li>Einheitswert-Erkl\u00e4rungen<\/li>\n<\/ul>\n<p>Dabei achten wir nicht nur auf die korrekte Deklaration, sondern auch auf steuerliche Optimierung im Rahmen der gesetzlichen M\u00f6glichkeiten.<\/p>\n<p><strong>Ihr Vorteil mit uns<\/strong><\/p>\n<p>Als erfahrener Steuerberater f\u00fcr betriebliche Steuererkl\u00e4rungen in Deutschland vertreten wir Ihre Interessen kompetent gegen\u00fcber dem Finanzamt. Wir behalten Fristen im Blick, minimieren Risiken und sorgen f\u00fcr transparente Abl\u00e4ufe.<\/p>\n<p>Dank unserer zweisprachigen Betreuung auf Deutsch und Vietnamesisch werden auch komplexe steuerliche Themen verst\u00e4ndlich erkl\u00e4rt \u2013 damit Sie jederzeit den \u00dcberblick \u00fcber Ihre steuerliche Situation behalten.<\/p>\n<a href=\"\/kontakt\" target=\"_self\" class=\"button primary\"  style=\"border-radius:99px;\">\n    <span>Jetzt Termin vereinbaren<\/span>\n  <\/a>\n\n\t\t<\/div>\n\t\t\t\t\t<\/div>\n\n\t\n<\/div>\n","protected":false},"excerpt":{"rendered":"","protected":false},"author":3,"featured_media":0,"parent":135,"menu_order":0,"comment_status":"closed","ping_status":"closed","template":"","meta":{"footnotes":""},"class_list":["post-1223","page","type-page","status-publish","hentry"],"_links":{"self":[{"href":"https:\/\/stb-dao.de\/de\/wp-json\/wp\/v2\/pages\/1223","targetHints":{"allow":["GET"]}}],"collection":[{"href":"https:\/\/stb-dao.de\/de\/wp-json\/wp\/v2\/pages"}],"about":[{"href":"https:\/\/stb-dao.de\/de\/wp-json\/wp\/v2\/types\/page"}],"author":[{"embeddable":true,"href":"https:\/\/stb-dao.de\/de\/wp-json\/wp\/v2\/users\/3"}],"replies":[{"embeddable":true,"href":"https:\/\/stb-dao.de\/de\/wp-json\/wp\/v2\/comments?post=1223"}],"version-history":[{"count":4,"href":"https:\/\/stb-dao.de\/de\/wp-json\/wp\/v2\/pages\/1223\/revisions"}],"predecessor-version":[{"id":1322,"href":"https:\/\/stb-dao.de\/de\/wp-json\/wp\/v2\/pages\/1223\/revisions\/1322"}],"up":[{"embeddable":true,"href":"https:\/\/stb-dao.de\/de\/wp-json\/wp\/v2\/pages\/135"}],"wp:attachment":[{"href":"https:\/\/stb-dao.de\/de\/wp-json\/wp\/v2\/media?parent=1223"}],"curies":[{"name":"wp","href":"https:\/\/api.w.org\/{rel}","templated":true}]}}