{"id":1251,"date":"2026-01-28T21:35:04","date_gmt":"2026-01-28T21:35:04","guid":{"rendered":"https:\/\/stb-dao.vinabau.de\/?page_id=1251"},"modified":"2026-03-15T20:50:32","modified_gmt":"2026-03-15T20:50:32","slug":"datev-unternehmen-online","status":"publish","type":"page","link":"https:\/\/stb-dao.de\/de\/mandanten\/datev-unternehmen-online\/","title":{"rendered":"DATEV Unternehmen Online"},"content":{"rendered":"<h3 class=\"ci1\">DATEV Unternehmen online: Die digitale Br\u00fccke zwischen Unternehmen und Kanzlei<br \/>Effiziente Zusammenarbeit durch Digitalisierung<\/h3>\n<p>Mit DATEV Unternehmen online gestalten Sie Ihre Finanzbuchf\u00fchrung und Lohnabrechnung modern, sicher und vollkommen digital. Belege und Daten werden einfach online erfasst und direkt mit unserer Kanzlei ausgetauscht. So arbeiten wir gemeinsam auf Basis identischer, tagesaktueller Informationen \u2013 ortsunabh\u00e4ngig und zeitnah.<\/p>\n<p>Diese digitale Plattform optimiert die Prozesse zwischen Ihrem Unternehmen und unserer Kanzlei und sorgt f\u00fcr eine transparente, effiziente und papierlose Buchf\u00fchrung.<\/p>\n<p><strong>Ihre Vorteile im \u00dcberblick:<\/strong><\/p>\n<ul>\n<li>Schneller &amp; sicherer Datenaustausch: H\u00f6chste Sicherheitsstandards beim Beleg- und Datentransfer zwischen Mandant und Kanzlei.<\/li>\n<li>Jederzeit zugriffsbereit: Greifen Sie rund um die Uhr und von \u00fcberall auf Ihre Belege und betriebswirtschaftlichen Auswertungen zu.<\/span><\/li>\n<li>Papierlose Prozesse: Vollst\u00e4ndige Digitalisierung spart Zeit, Platz und Ressourcen.<\/span><\/li>\n<li>Optimale Zusammenarbeit: Effiziente Abl\u00e4ufe bei der Finanzbuchf\u00fchrung und dem Jahresabschluss durch synchrone Datenbest\u00e4nde.<\/span><\/li>\n<\/ul>\n<p><strong>Digitales Belegmanagement<\/strong><\/p>\n<ul>\n<li>Vergessen Sie das Sortieren von Pendelordnern. Scannen oder laden Sie Ihre Belege einfach hoch.<\/li>\n<li>Zeitersparnis: Rechnungen und Dokumente stehen sowohl Ihrem Unternehmen als auch unserer Kanzlei sofort zur Verf\u00fcgung.<\/span><\/li>\n<li>Struktur &amp; Nachvollziehbarkeit: Alle Belege werden sicher im DATEV-Rechenzentrum archiviert und sind jederzeit schnell auffindbar.<\/span><\/li>\n<\/ul>\n<p><strong>Transparente Unternehmenszahlen<\/strong><\/p>\n<p>Mit DATEV Unternehmen online behalten Sie die finanzielle Gesundheit Ihres Unternehmens stets im Blick. Sie haben direkten Zugriff auf wichtige Auswertungen wie:<\/p>\n<ul>\n<li>Betriebswirtschaftliche Auswertung (BWA): Aktuelle Kennzahlen zur Ertragslage.<\/li>\n<li>Offene-Posten-Listen (OPOS): \u00dcberblick \u00fcber Forderungen und Verbindlichkeiten.<\/li>\n<li>Liquidit\u00e4ts\u00fcbersicht: Kontrolle \u00fcber Ihre Zahlungsf\u00e4higkeit.<\/li>\n<li>Finanzberichte: Fundierte Datengrundlage f\u00fcr Ihre strategischen Entscheidungen.<\/li>\n<\/ul>\n<p><strong>Einrichtung und pers\u00f6nliche Unterst\u00fctzung<\/strong><\/p>\n<p>Wir lassen Sie bei der Digitalisierung nicht allein. Unsere Kanzlei unterst\u00fctzt Sie umfassend bei:<\/p>\n<ul>\n<li>Einrichtung Ihres Zugangs: Sichere Installation und Rechteverwaltung.<\/li>\n<li>Digitale Belegorganisation: Strukturierung Ihrer digitalen Ablage.<\/li>\n<li>Optimaler Nutzung: Schulung in den Funktionen der Plattform.<\/li>\n<li>Prozessintegration: Nahtlose Einbindung in Ihre bestehenden Unternehmensabl\u00e4ufe.<\/li>\n<li>Unser Ziel: Ihre Buchhaltung einfacher, effizienter und transparenter zu gestalten.<\/li>\n<\/ul>\n<p>Bereit f\u00fcr die digitale Buchhaltung?<\/p>\n<a href=\"\/kontakt\" target=\"_self\" class=\"button primary\"  style=\"border-radius:99px;\">\n    <span>Jetzt Termin vereinbaren<\/span>\n  <\/a>\n\n","protected":false},"excerpt":{"rendered":"<p>DATEV Unternehmen online: Die digitale Br\u00fccke zwischen Unternehmen und KanzleiEffiziente Zusammenarbeit durch Digitalisierung Mit DATEV Unternehmen online gestalten Sie Ihre Finanzbuchf\u00fchrung und Lohnabrechnung modern, sicher und vollkommen digital. Belege und Daten werden einfach online erfasst und direkt mit unserer Kanzlei ausgetauscht. So arbeiten wir gemeinsam auf Basis identischer, tagesaktueller Informationen \u2013 ortsunabh\u00e4ngig und zeitnah. Diese [&#8230;]\n","protected":false},"author":3,"featured_media":0,"parent":1115,"menu_order":0,"comment_status":"closed","ping_status":"closed","template":"","meta":{"footnotes":""},"class_list":["post-1251","page","type-page","status-publish","hentry"],"_links":{"self":[{"href":"https:\/\/stb-dao.de\/de\/wp-json\/wp\/v2\/pages\/1251","targetHints":{"allow":["GET"]}}],"collection":[{"href":"https:\/\/stb-dao.de\/de\/wp-json\/wp\/v2\/pages"}],"about":[{"href":"https:\/\/stb-dao.de\/de\/wp-json\/wp\/v2\/types\/page"}],"author":[{"embeddable":true,"href":"https:\/\/stb-dao.de\/de\/wp-json\/wp\/v2\/users\/3"}],"replies":[{"embeddable":true,"href":"https:\/\/stb-dao.de\/de\/wp-json\/wp\/v2\/comments?post=1251"}],"version-history":[{"count":3,"href":"https:\/\/stb-dao.de\/de\/wp-json\/wp\/v2\/pages\/1251\/revisions"}],"predecessor-version":[{"id":1327,"href":"https:\/\/stb-dao.de\/de\/wp-json\/wp\/v2\/pages\/1251\/revisions\/1327"}],"up":[{"embeddable":true,"href":"https:\/\/stb-dao.de\/de\/wp-json\/wp\/v2\/pages\/1115"}],"wp:attachment":[{"href":"https:\/\/stb-dao.de\/de\/wp-json\/wp\/v2\/media?parent=1251"}],"curies":[{"name":"wp","href":"https:\/\/api.w.org\/{rel}","templated":true}]}}