{"id":1254,"date":"2026-01-28T21:37:02","date_gmt":"2026-01-28T21:37:02","guid":{"rendered":"https:\/\/stb-dao.vinabau.de\/?page_id=1254"},"modified":"2026-03-15T20:19:18","modified_gmt":"2026-03-15T20:19:18","slug":"steuerberatung","status":"publish","type":"page","link":"https:\/\/stb-dao.de\/de\/leistungen\/steuerberatung\/","title":{"rendered":"Steuerberatung"},"content":{"rendered":"<div class=\"row\"  id=\"row-2113364654\">\n\n\t<div id=\"col-317352738\" class=\"col small-12 large-12\"  >\n\t\t\t\t<div class=\"col-inner\"  >\n\t\t\t\n\t\t\t\n<h1 class=\"ci1\">Steuerliche Pr\u00fcfungen &amp; Unternehmensstrukturierung<\/h1>\n<p><strong>Sicher durch Pr\u00fcfungen \u2013 strategisch stark aufgestellt<\/strong><\/p>\n<p>Unternehmen in Deutschland stehen regelm\u00e4\u00dfig vor steuerlichen Pr\u00fcfungen und wichtigen strukturellen Entscheidungen. Ob Betriebspr\u00fcfung oder Wahl der passenden Rechtsform \u2013 professionelle Begleitung sorgt f\u00fcr Sicherheit, Klarheit und langfristige Vorteile.<\/p>\n<p>Die <strong>AD Steuerberatungsgesellschaft mbH<\/strong> unterst\u00fctzt Unternehmen kompetent bei steuerlichen Pr\u00fcfungen sowie bei der strategischen Gestaltung ihrer Unternehmensstruktur. Wir betreuen Mandanten aus den Bereichen Gastronomie, Beauty &amp; Cosmetics, Gro\u00dfhandel, Import\/Export und Immobilien und verf\u00fcgen \u00fcber umfassende Erfahrung mit unterschiedlichsten Gesch\u00e4ftsmodellen. Selbstverst\u00e4ndlich begleiten wir auch Unternehmen aus vielen weiteren Branchen.<\/p>\n<p><strong>Begleitung von steuerlichen Pr\u00fcfungen<\/strong><\/p>\n<p>Wir beraten und vertreten Sie bei Pr\u00fcfungen aller Art und stehen Ihnen w\u00e4hrend des gesamten Verfahrens zur Seite. Dazu z\u00e4hlen insbesondere:<\/p>\n<ul>\n<li>Allgemeine Betriebspr\u00fcfungen<\/li>\n<li>Lohnsteuerpr\u00fcfungen<\/li>\n<li>Sozialversicherungspr\u00fcfungen<\/li>\n<li>Umsatzsteuer-Sonderpr\u00fcfungen<\/li>\n<\/ul>\n<p>Wir \u00fcbernehmen die Kommunikation mit den Beh\u00f6rden, bereiten Unterlagen professionell auf und vertreten Ihre Interessen kompetent gegen\u00fcber dem Finanzamt und anderen Institutionen.<\/p>\n<p><strong>Rechtsformwahl &amp; Umstrukturierungen<\/strong><\/p>\n<p>Die richtige Unternehmensstruktur hat gro\u00dfen Einfluss auf Haftung, Steuern und zuk\u00fcnftige Entwicklungsm\u00f6glichkeiten. Wir beraten Sie umfassend bei:<\/p>\n<ul>\n<li>Wahl der optimalen Rechtsform<\/li>\n<li>Gr\u00fcndung von Kapitalgesellschaften (z. B. GmbH)<\/li>\n<li>Rechtsformwechseln<\/li>\n<li>Umwandlungen und gesellschaftsrechtlichen Umstrukturierungen<\/li>\n<\/ul>\n<p>Dabei verbinden wir steuerliche, rechtliche und betriebswirtschaftliche Aspekte zu einer nachhaltigen Gesamtl\u00f6sung.<\/p>\n<p><strong>Ihr Vorteil mit uns<\/strong><\/p>\n<p>Als erfahrener Steuerberater in Deutschland stehen wir Ihnen nicht nur fachlich, sondern auch strategisch zur Seite. Wir denken vorausschauend, minimieren Risiken und schaffen stabile Grundlagen f\u00fcr Ihre unternehmerische Zukunft.<\/p>\n<p>Durch unsere zweisprachige Betreuung auf Deutsch und Vietnamesisch stellen wir sicher, dass auch komplexe Sachverhalte verst\u00e4ndlich erkl\u00e4rt werden und Sie jederzeit fundierte Entscheidungen treffen k\u00f6nnen.<\/p>\n<a href=\"\/kontakt\" target=\"_self\" class=\"button primary\"  style=\"border-radius:99px;\">\n    <span>Jetzt Termin vereinbaren<\/span>\n  <\/a>\n\n\t\t<\/div>\n\t\t\t\t\t<\/div>\n\n\t\n<\/div>\n","protected":false},"excerpt":{"rendered":"","protected":false},"author":3,"featured_media":0,"parent":135,"menu_order":0,"comment_status":"closed","ping_status":"closed","template":"","meta":{"footnotes":""},"class_list":["post-1254","page","type-page","status-publish","hentry"],"_links":{"self":[{"href":"https:\/\/stb-dao.de\/de\/wp-json\/wp\/v2\/pages\/1254","targetHints":{"allow":["GET"]}}],"collection":[{"href":"https:\/\/stb-dao.de\/de\/wp-json\/wp\/v2\/pages"}],"about":[{"href":"https:\/\/stb-dao.de\/de\/wp-json\/wp\/v2\/types\/page"}],"author":[{"embeddable":true,"href":"https:\/\/stb-dao.de\/de\/wp-json\/wp\/v2\/users\/3"}],"replies":[{"embeddable":true,"href":"https:\/\/stb-dao.de\/de\/wp-json\/wp\/v2\/comments?post=1254"}],"version-history":[{"count":3,"href":"https:\/\/stb-dao.de\/de\/wp-json\/wp\/v2\/pages\/1254\/revisions"}],"predecessor-version":[{"id":1321,"href":"https:\/\/stb-dao.de\/de\/wp-json\/wp\/v2\/pages\/1254\/revisions\/1321"}],"up":[{"embeddable":true,"href":"https:\/\/stb-dao.de\/de\/wp-json\/wp\/v2\/pages\/135"}],"wp:attachment":[{"href":"https:\/\/stb-dao.de\/de\/wp-json\/wp\/v2\/media?parent=1254"}],"curies":[{"name":"wp","href":"https:\/\/api.w.org\/{rel}","templated":true}]}}