{"id":1256,"date":"2026-01-28T21:37:22","date_gmt":"2026-01-28T21:37:22","guid":{"rendered":"https:\/\/stb-dao.vinabau.de\/?page_id=1256"},"modified":"2026-03-15T20:20:28","modified_gmt":"2026-03-15T20:20:28","slug":"privatpersonen","status":"publish","type":"page","link":"https:\/\/stb-dao.de\/de\/leistungen\/privatpersonen\/","title":{"rendered":"Privatpersonen"},"content":{"rendered":"<div class=\"row\"  id=\"row-1773054323\">\n\n\t<div id=\"col-658895751\" class=\"col small-12 large-12\"  >\n\t\t\t\t<div class=\"col-inner\"  >\n\t\t\t\n\t\t\t\n<h1 class=\"ci1\">Private Steuerberatung &amp; Steuererkl\u00e4rungen<\/h1>\n<p><strong>Kompetente Unterst\u00fctzung f\u00fcr Ihre pers\u00f6nlichen Steuerangelegenheiten<\/strong><\/p>\n<p>Auch im privaten Bereich k\u00f6nnen steuerliche Regelungen schnell komplex werden. Ob j\u00e4hrliche Einkommensteuererkl\u00e4rung oder besondere Verm\u00f6gens\u00fcbertragungen \u2013 eine professionelle Beratung hilft Ihnen, Fehler zu vermeiden, Fristen einzuhalten und steuerliche Vorteile optimal zu nutzen.<\/p>\n<p>Die AD Steuerberatungsgesellschaft mbH unterst\u00fctzt Sie zuverl\u00e4ssig bei Ihren privaten Steuerangelegenheiten in Deutschland. Wir beraten Mandanten mit unterschiedlichsten Einkommens- und Verm\u00f6genssituationen und sorgen f\u00fcr eine rechtssichere, transparente und verst\u00e4ndliche Abwicklung.<\/p>\n<p><strong>Unsere Leistungen im Bereich private Steuererkl\u00e4rungen<\/strong><\/p>\n<p>Wir begleiten Sie umfassend bei Ihren pers\u00f6nlichen steuerlichen Pflichten, unter anderem bei:<\/p>\n<ul>\n<li>Einkommensteuererkl\u00e4rungen<\/li>\n<li>Erbschaftsteuer<\/li>\n<li>Schenkungssteuer<\/li>\n<li>Einheitswert-Erkl\u00e4rungen<\/li>\n<li>Nichtveranlagungsbescheinigungen<\/li>\n<\/ul>\n<p>Dabei pr\u00fcfen wir alle relevanten Sachverhalte sorgf\u00e4ltig und nutzen legale Gestaltungsm\u00f6glichkeiten, um Ihre Steuerlast im Rahmen der gesetzlichen Vorgaben zu optimieren.<\/p>\n<p><strong>Ihr Vorteil mit uns<\/strong><\/p>\n<p>Als erfahrener Ansprechpartner f\u00fcr private Steuerberatung in Deutschland legen wir gro\u00dfen Wert auf pers\u00f6nliche Betreuung, Diskretion und klare Erkl\u00e4rungen. Sie erhalten verst\u00e4ndliche Antworten auf komplexe steuerliche Fragen und k\u00f6nnen sicher sein, dass Ihre Unterlagen professionell und fristgerecht bearbeitet werden.<\/p>\n<p>Dank unserer zweisprachigen Betreuung auf Deutsch und Vietnamesisch stellen wir sicher, dass auch komplizierte steuerliche Themen f\u00fcr Sie jederzeit nachvollziehbar bleiben.<\/p>\n<a href=\"\/kontakt\" target=\"_self\" class=\"button primary\"  style=\"border-radius:99px;\">\n    <span>Jetzt Termin vereinbaren<\/span>\n  <\/a>\n\n\t\t<\/div>\n\t\t\t\t\t<\/div>\n\n\t\n<\/div>\n","protected":false},"excerpt":{"rendered":"","protected":false},"author":3,"featured_media":0,"parent":135,"menu_order":0,"comment_status":"closed","ping_status":"closed","template":"","meta":{"footnotes":""},"class_list":["post-1256","page","type-page","status-publish","hentry"],"_links":{"self":[{"href":"https:\/\/stb-dao.de\/de\/wp-json\/wp\/v2\/pages\/1256","targetHints":{"allow":["GET"]}}],"collection":[{"href":"https:\/\/stb-dao.de\/de\/wp-json\/wp\/v2\/pages"}],"about":[{"href":"https:\/\/stb-dao.de\/de\/wp-json\/wp\/v2\/types\/page"}],"author":[{"embeddable":true,"href":"https:\/\/stb-dao.de\/de\/wp-json\/wp\/v2\/users\/3"}],"replies":[{"embeddable":true,"href":"https:\/\/stb-dao.de\/de\/wp-json\/wp\/v2\/comments?post=1256"}],"version-history":[{"count":3,"href":"https:\/\/stb-dao.de\/de\/wp-json\/wp\/v2\/pages\/1256\/revisions"}],"predecessor-version":[{"id":1323,"href":"https:\/\/stb-dao.de\/de\/wp-json\/wp\/v2\/pages\/1256\/revisions\/1323"}],"up":[{"embeddable":true,"href":"https:\/\/stb-dao.de\/de\/wp-json\/wp\/v2\/pages\/135"}],"wp:attachment":[{"href":"https:\/\/stb-dao.de\/de\/wp-json\/wp\/v2\/media?parent=1256"}],"curies":[{"name":"wp","href":"https:\/\/api.w.org\/{rel}","templated":true}]}}