{"id":139,"date":"2023-04-26T11:45:55","date_gmt":"2023-04-26T11:45:55","guid":{"rendered":"https:\/\/mkqjdsbb.nethost-4111.000web.xyz\/wordpress\/?page_id=139"},"modified":"2023-06-21T08:57:53","modified_gmt":"2023-06-21T08:57:53","slug":"karriere","status":"publish","type":"page","link":"https:\/\/stb-dao.de\/de\/karriere\/","title":{"rendered":"JOBS"},"content":{"rendered":"  <div id=\"page-header-645764209\" class=\"page-header-wrapper\">\n  <div class=\"page-title dark featured-title\">\n\n    \n    <div class=\"page-title-inner container align-center text-center flex-row-col medium-flex-wrap\" >\n              <div class=\"title-wrapper flex-col\">\n          <h1 class=\"entry-title mb-0\">\n            JOBS          <\/h1>\n        <\/div>\n                    <div class=\"title-content flex-col\">\n              <\/div>\n    <\/div>\n\n       <\/div>\n    <\/div>\n  \n\t<div id=\"text-1381440621\" class=\"text\">\n\t\t\n<p>Wir suchen Mitarbeiter f\u00fcr unser Steuerkanzlei in Berlin. Anforderungen:<\/p>\n<ul>\n<li>Grundkenntnisse in Microsoft Office<\/li>\n<li>Wenn Sie Grundkenntnisse in Rechnungswesen haben oder praktische Erfahrungen in Buchhaltung\/Steuerberatung durch Praktika gesammelt haben, ist das von Vorteil. Vorteile auf kurzfristiger Basis:<\/li>\n<li>Junge und professionelle Arbeitsumgebung<\/li>\n<li>Viel Raum f\u00fcr Entwicklung und Lernen, insbesondere f\u00fcr diejenigen, die Leidenschaft f\u00fcr Buchhaltung und Steuern haben. Wir sind zuversichtlich, dass Sie wertvolle Erfahrungen sammeln k\u00f6nnen. Langfristige Vorteile: F\u00fcr Studierende des BWL-Studiengangs bieten wir Schulungen an, um Sie zu Steuerberatern auszubilden und Ihnen eine Aufenthaltsgenehmigung in Deutschland zu erm\u00f6glichen.<\/li>\n<\/ul>\n<p>Email: info@stb-dao.de<br \/>Phuong Anh Dao<br \/>B.Sc Steuerberaterin<\/p>\n\t\t\n<style>\n#text-1381440621 {\n  text-align: left;\n}\n<\/style>\n\t<\/div>\n\t\n","protected":false},"excerpt":{"rendered":"","protected":false},"author":1,"featured_media":0,"parent":0,"menu_order":0,"comment_status":"closed","ping_status":"closed","template":"","meta":{"footnotes":""},"class_list":["post-139","page","type-page","status-publish","hentry"],"_links":{"self":[{"href":"https:\/\/stb-dao.de\/de\/wp-json\/wp\/v2\/pages\/139","targetHints":{"allow":["GET"]}}],"collection":[{"href":"https:\/\/stb-dao.de\/de\/wp-json\/wp\/v2\/pages"}],"about":[{"href":"https:\/\/stb-dao.de\/de\/wp-json\/wp\/v2\/types\/page"}],"author":[{"embeddable":true,"href":"https:\/\/stb-dao.de\/de\/wp-json\/wp\/v2\/users\/1"}],"replies":[{"embeddable":true,"href":"https:\/\/stb-dao.de\/de\/wp-json\/wp\/v2\/comments?post=139"}],"version-history":[{"count":3,"href":"https:\/\/stb-dao.de\/de\/wp-json\/wp\/v2\/pages\/139\/revisions"}],"predecessor-version":[{"id":755,"href":"https:\/\/stb-dao.de\/de\/wp-json\/wp\/v2\/pages\/139\/revisions\/755"}],"wp:attachment":[{"href":"https:\/\/stb-dao.de\/de\/wp-json\/wp\/v2\/media?parent=139"}],"curies":[{"name":"wp","href":"https:\/\/api.w.org\/{rel}","templated":true}]}}