{"id":668,"date":"2023-05-02T08:41:48","date_gmt":"2023-05-02T08:41:48","guid":{"rendered":"https:\/\/stb-dao.de\/?page_id=668"},"modified":"2026-01-28T13:09:42","modified_gmt":"2026-01-28T13:09:42","slug":"impressum","status":"publish","type":"page","link":"https:\/\/stb-dao.de\/de\/impressum\/","title":{"rendered":"IMPRESSUM"},"content":{"rendered":"<h3>Impressum<\/h3>\n<div data-qa=\"text\">\n<p>AD Steuerberatungsgesellschaft mbH<br \/>Herzbergstr. 128-139<br \/>10365 Berlin<\/p>\n<\/div>\n<p>Telefon: <a href=\"tel:+49 (0)30 754 377 566\">+49 (0)30 754 377 566<\/a><span class=\"w8qArf\"><br \/>Telefon: <a href=\"tel:+49 (0)162 568 6666\">+49 (0)162 568 6666<\/a><br \/>E-Mail: <a class=\"tooltip tooltipstered\" href=\"mailto: info@stb-dao.de\"> info@stb-dao.de<\/a><br \/><\/span><\/p>\n<p>Sitz: Berlin &#8211; Amtsgericht Charlottenburg HRB 282118<br \/>Gesch\u00e4ftsf\u00fchrerin: Phuong Anh Dao<br \/>anerkannt von der Steuerberaterkammer Berlin &#8211; Rechtsgrundlagen: Steuerberatungsgesetz &#8211; Berufsordnung &#8211; StBVV<\/p>\n<h5>Streitschlichtung<\/h5>\n<p>Die Europ\u00e4ische Kommission stellt eine Plattform zur Online-Streitbeilegung(OS) bereit:\u00a0https:\/\/ec.europa.eu\/consumers\/odr.<br \/>Unsere E-Mail-Adresse finden Sie oben im Impressum.<\/p>\n<p>Wir sind nicht bereit oder verpflichtet, an Streitbeilegungsverfahren vor einer Verbraucherschlichtungsstelle teilzunehmen.<\/p>\n<h5>Haftung f\u00fcr Inhalte<\/h5>\n<p>Als Diensteanbieter sind wir gem\u00e4\u00df\u00a77Abs.1 TMG f\u00fcr eigene Inhalte auf diesen Seiten nach den allgemeinen Gesetzen verantwortlich. Nach \u00a7\u00a78 bis 10TMG sind wir als Diensteanbieter jedoch nicht verpflichtet, \u00fcbermittelte oder gespeicherte fremde Informationen zu \u00fcberwachen oder nach Umst\u00e4nden zu forschen, die auf eine rechtswidrige T\u00e4tigkeit hinweisen. Verpflichtungen zur Entfernung oder Sperrung der Nutzung von Informationen nach den allgemeinen Gesetzen bleiben hiervon unber\u00fchrt. Eine diesbez\u00fcgliche Haftung ist jedoch erst ab dem Zeitpunkt der Kenntnis einer konkreten Rechtsverletzung m\u00f6glich. Bei Bekanntwerden von entsprechenden Rechtsverletzungen werden wir diese Inhalte umgehend entfernen.<\/p>\n<h5>Haftung f\u00fcr Links<\/h5>\n<p>Unser Angebot enth\u00e4lt Links zu externen Websites Dritter, auf deren Inhalte wir keinen Einfluss haben. Deshalb k\u00f6nnen wir fremden Inhalte auch keine Gew\u00e4hr \u00fcbernehmen. F\u00fcr die Inhalte der verlinkten Seiten ist stets der jeweilige Anbieter oder Betreiber der Seiten verantwortlich. Die verlinkten Seiten wurden zum Zeitpunkt der Verlinkung auf m\u00f6gliche Rechtsverst\u00f6\u00dfe \u00fcberpr\u00fcft. Rechtswidrige Inhalte waren zum Zeitpunkt der Verlinkung nicht erkennbar. Eine permanente inhaltliche Kontrolle der verlinkten Seiten ist jedoch ohne konkrete Anhaltspunkte einer Rechtsverletzung nicht zumutbar. Bei Bekanntwerden von Rechtsverletzungen werden wir der artige Links umgehend entfernen.<\/p>\n<h3>Urheberrecht<\/h3>\n<p>Die durch die Seitenbetreiber erstellten Inhalte und Werke auf diesen Seiten unter liegendem deutschen Urheberrecht. Die Vervielf\u00e4ltigung, Bearbeitung, Verbreitung und jede Art der Verwertung au\u00dferhalb der Grenzen des Urheberrechtes bed\u00fcrfen der schriftlichen Zustimmung des jeweiligen Autors bzw. Erstellers. Downloads und Kopien dieser Seite sind nur f\u00fcr den privaten, nicht kommerziellen Gebrauch gestattet. Soweit die Inhalte auf dieser Seite nicht vom Betreiber erstellt wurden, werden die Urheberrechte Dritter beachtet. Insbesondere werden Inhalte Dritter als solche gekennzeichnet. Sollten Sie trotzdem auf eine Urheberrechtsverletzung aufmerksam werden, bitten wir um einen entsprechenden Hinweis. Bei Bekanntwerden von Rechtsverletzungen werden wir derartige Inhalte umgehend entfernen.<\/p>\n<p>Quelle:\u00a0<a href=\"https:\/\/www.e-recht24.de\/\">https:\/\/www.e-recht24.de<\/a><\/p>\n<p>Bilder: aus bixabay.com, pexels.com, giphy.com, unsplash.com, openverse.org<\/p>\n","protected":false},"excerpt":{"rendered":"<p>Impressum AD Steuerberatungsgesellschaft mbHHerzbergstr. 128-13910365 Berlin Telefon: +49 (0)30 754 377 566Telefon: +49 (0)162 568 6666E-Mail: info@stb-dao.de Sitz: Berlin &#8211; Amtsgericht Charlottenburg HRB 282118Gesch\u00e4ftsf\u00fchrerin: Phuong Anh Daoanerkannt von der Steuerberaterkammer Berlin &#8211; Rechtsgrundlagen: Steuerberatungsgesetz &#8211; Berufsordnung &#8211; StBVV Streitschlichtung Die Europ\u00e4ische Kommission stellt eine Plattform zur Online-Streitbeilegung(OS) bereit:\u00a0https:\/\/ec.europa.eu\/consumers\/odr.Unsere E-Mail-Adresse finden Sie oben im Impressum. Wir [&#8230;]\n","protected":false},"author":1,"featured_media":0,"parent":0,"menu_order":0,"comment_status":"closed","ping_status":"closed","template":"","meta":{"footnotes":""},"class_list":["post-668","page","type-page","status-publish","hentry"],"_links":{"self":[{"href":"https:\/\/stb-dao.de\/de\/wp-json\/wp\/v2\/pages\/668","targetHints":{"allow":["GET"]}}],"collection":[{"href":"https:\/\/stb-dao.de\/de\/wp-json\/wp\/v2\/pages"}],"about":[{"href":"https:\/\/stb-dao.de\/de\/wp-json\/wp\/v2\/types\/page"}],"author":[{"embeddable":true,"href":"https:\/\/stb-dao.de\/de\/wp-json\/wp\/v2\/users\/1"}],"replies":[{"embeddable":true,"href":"https:\/\/stb-dao.de\/de\/wp-json\/wp\/v2\/comments?post=668"}],"version-history":[{"count":5,"href":"https:\/\/stb-dao.de\/de\/wp-json\/wp\/v2\/pages\/668\/revisions"}],"predecessor-version":[{"id":1218,"href":"https:\/\/stb-dao.de\/de\/wp-json\/wp\/v2\/pages\/668\/revisions\/1218"}],"wp:attachment":[{"href":"https:\/\/stb-dao.de\/de\/wp-json\/wp\/v2\/media?parent=668"}],"curies":[{"name":"wp","href":"https:\/\/api.w.org\/{rel}","templated":true}]}}