{"id":1008,"date":"2026-01-19T12:27:09","date_gmt":"2026-01-19T12:27:09","guid":{"rendered":"https:\/\/stb-dao.vinabau.de\/?page_id=1008"},"modified":"2026-03-09T21:19:11","modified_gmt":"2026-03-09T21:19:11","slug":"phuong-anh-dao","status":"publish","type":"page","link":"https:\/\/stb-dao.de\/vi\/kanzlei\/phuong-anh-dao\/","title":{"rendered":"Steuerberaterin Phuong Anh Dao"},"content":{"rendered":"<div class=\"row\"  id=\"row-1893867049\">\n\n\t<div id=\"col-851446521\" class=\"col medium-6 small-12 large-6\"  >\n\t\t\t\t<div class=\"col-inner\"  >\n\t\t\t\n\t\t\t\n\t<div class=\"img has-hover x md-x lg-x y md-y lg-y\" id=\"image_989843928\">\n\t\t\t\t\t\t\t\t<div class=\"img-inner dark\" >\n\t\t\t<img loading=\"lazy\" decoding=\"async\" width=\"510\" height=\"766\" src=\"https:\/\/stb-dao.de\/wp-content\/uploads\/2026\/03\/steuerberaterin-phuong-anh-dao.jpg\" class=\"attachment-large size-large\" alt=\"\" srcset=\"https:\/\/stb-dao.de\/wp-content\/uploads\/2026\/03\/steuerberaterin-phuong-anh-dao.jpg 510w, https:\/\/stb-dao.de\/wp-content\/uploads\/2026\/03\/steuerberaterin-phuong-anh-dao-200x300.jpg 200w, https:\/\/stb-dao.de\/wp-content\/uploads\/2026\/03\/steuerberaterin-phuong-anh-dao-8x12.jpg 8w\" sizes=\"auto, (max-width: 510px) 100vw, 510px\" \/>\t\t\t\t\t\t\n\t\t\t\t\t<\/div>\n\t\t\t\t\t\t\t\t\n<style>\n#image_989843928 {\n  width: 100%;\n}\n<\/style>\n\t<\/div>\n\t\n\t\t<\/div>\n\t\t\t\t\t<\/div>\n\n\t\n\n\t<div id=\"col-2083677373\" class=\"col medium-6 small-12 large-6\"  >\n\t\t\t\t<div class=\"col-inner text-left\"  >\n\t\t\t\n\t\t\t\n<h2 class=\"ci1\">Steuerberaterin Phuong Anh Dao<\/h2>\n<p>T\u00f4i c\u00f9ng v\u1edbi v\u0103n ph\u00f2ng c\u1ee7a m\u00ecnh \u0111\u1ea1i di\u1ec7n cho d\u1ecbch v\u1ee5 t\u01b0 v\u1ea5n thu\u1ebf chuy\u00ean s\u00e2u, n\u0103ng l\u1ef1c l\u00e0m vi\u1ec7c trong m\u00f4i tr\u01b0\u1eddng \u0111a v\u0103n h\u00f3a v\u00e0 s\u1ef1 h\u1ee3p t\u00e1c c\u00e1 nh\u00e2n, tin c\u1eady v\u1edbi kh\u00e1ch h\u00e0ng.<\/p>\n<p>L\u00e0 m\u1ed9t ng\u01b0\u1eddi Vi\u1ec7t Nam sinh ra v\u00e0 l\u1edbn l\u00ean t\u1ea1i Vi\u1ec7t Nam nh\u01b0ng \u0111\u01b0\u1ee3c \u0111\u00e0o t\u1ea1o h\u1ecdc thu\u1eadt t\u1ea1i \u0110\u1ee9c, t\u00f4i \u0111\u00e3 s\u1edbm ph\u00e1t tri\u1ec3n ni\u1ec1m quan t\u00e2m \u0111\u1eb7c bi\u1ec7t \u0111\u1ebfn ph\u00e1p lu\u1eadt, c\u00e1c con s\u1ed1 v\u00e0 m\u1ed1i li\u00ean h\u1ec7 trong l\u0129nh v\u1ef1c thu\u1ebf. Trong qu\u00e1 tr\u00ecnh l\u00e0m vi\u1ec7c, t\u00f4i \u0111\u00e3 \u0111\u1ea3m nhi\u1ec7m nhi\u1ec1u v\u1ecb tr\u00ed kh\u00e1c nhau nh\u01b0 tr\u1ee3 l\u00fd thu\u1ebf v\u00e0 ki\u1ec3m to\u00e1n, tr\u01b0\u1edfng nh\u00f3m ki\u1ec3m to\u00e1n c\u0169ng nh\u01b0 chuy\u00ean vi\u00ean t\u01b0 v\u1ea5n thu\u1ebf t\u1ea1i m\u1ed9t c\u00f4ng ty t\u01b0 v\u1ea5n thu\u1ebf quy m\u00f4 v\u1eeba. Trong th\u1eddi gian n\u00e0y, t\u00f4i \u0111\u00e3 t\u00edch l\u0169y \u0111\u01b0\u1ee3c kinh nghi\u1ec7m chuy\u00ean m\u00f4n s\u00e2u r\u1ed9ng v\u00e0 c\u00f3 c\u01a1 h\u1ed9i h\u1ed7 tr\u1ee3 kh\u00e1ch h\u00e0ng t\u1eeb nhi\u1ec1u l\u0129nh v\u1ef1c kinh doanh kh\u00e1c nhau.<\/p>\n<p>N\u0103m 2022, t\u00f4i quy\u1ebft \u0111\u1ecbnh b\u01b0\u1edbc v\u00e0o con \u0111\u01b0\u1eddng t\u1ef1 kinh doanh. M\u1ee5c ti\u00eau c\u1ee7a t\u00f4i l\u00e0 \u0111\u1ed3ng h\u00e0nh c\u00f9ng kh\u00e1ch h\u00e0ng m\u1ed9t c\u00e1ch c\u00e1 nh\u00e2n h\u00f3a, d\u1ec5 hi\u1ec3u v\u00e0 \u0111\u1ecbnh h\u01b0\u1edbng gi\u1ea3i ph\u00e1p trong c\u00e1c v\u1ea5n \u0111\u1ec1 thu\u1ebf. \u0110\u1ed1i v\u1edbi t\u00f4i, \u0111i\u1ec1u \u0111\u1eb7c bi\u1ec7t quan tr\u1ecdng l\u00e0 k\u1ebft h\u1ee3p gi\u1eefa chuy\u00ean m\u00f4n thu\u1ebf v\u1eefng ch\u1eafc v\u1edbi kh\u1ea3 n\u0103ng \u0111a ng\u00f4n ng\u1eef v\u00e0 hi\u1ec3u bi\u1ebft \u0111a v\u0103n h\u00f3a, t\u1eeb \u0111\u00f3 c\u00f3 th\u1ec3 h\u1ed7 tr\u1ee3 hi\u1ec7u qu\u1ea3 cho c\u00e1c doanh nh\u00e2n v\u00e0 doanh nghi\u1ec7p ho\u1ea1t \u0111\u1ed9ng qu\u1ed1c t\u1ebf.<\/p>\n<p>Hi\u1ec7n nay, t\u00f4i l\u00e0m vi\u1ec7c c\u00f9ng m\u1ed9t \u0111\u1ed9i ng\u0169 tr\u1ebb, n\u0103ng \u0111\u1ed9ng v\u00e0 kh\u00f4ng ng\u1eebng ph\u00e1t tri\u1ec3n v\u1edbi kho\u1ea3ng 20 nh\u00e2n vi\u00ean. Ch\u00fang t\u00f4i h\u1ed7 tr\u1ee3 kh\u00e1ch h\u00e0ng trong nhi\u1ec1u l\u0129nh v\u1ef1c kh\u00e1c nhau nh\u01b0 \u1ea9m th\u1ef1c \u2013 nh\u00e0 h\u00e0ng, b\u1ea5t \u0111\u1ed9ng s\u1ea3n, xu\u1ea5t nh\u1eadp kh\u1ea9u, m\u1ef9 ph\u1ea9m c\u0169ng nh\u01b0 b\u00e1n bu\u00f4n v\u00e0 b\u00e1n l\u1ebb. Ch\u00fang t\u00f4i t\u01b0 v\u1ea5n cho doanh nghi\u1ec7p v\u1edbi nhi\u1ec1u lo\u1ea1i h\u00ecnh ph\u00e1p l\u00fd v\u00e0 quy m\u00f4 kh\u00e1c nhau, \u0111\u1ed3ng th\u1eddi h\u1ed7 tr\u1ee3 ng\u01b0\u1eddi t\u1ef1 kinh doanh v\u00e0 kh\u00e1ch h\u00e0ng c\u00e1 nh\u00e2n.<\/p>\n<p>M\u1ee5c ti\u00eau c\u1ee7a t\u00f4i kh\u00f4ng ch\u1ec9 l\u00e0 th\u1ef1c hi\u1ec7n c\u00e1c ngh\u0129a v\u1ee5 v\u1ec1 thu\u1ebf, m\u00e0 c\u00f2n \u0111\u1ed3ng h\u00e0nh l\u00e2u d\u00e0i, gi\u1ea3m b\u1edbt g\u00e1nh n\u1eb7ng cho kh\u00e1ch h\u00e0ng v\u00e0 \u0111\u00f3ng g\u00f3p t\u00edch c\u1ef1c v\u00e0o s\u1ef1 th\u00e0nh c\u00f4ng c\u1ee7a doanh nghi\u1ec7p<\/p>\n<a href=\"\/vi\/kontakt\/\" target=\"_self\" class=\"button primary\"  style=\"border-radius:99px;\">\n    <span>\u0110\u1eb7t L\u1ecbch h\u1eb9n ngay h\u00f4m nay<\/span>\n  <\/a>\n\n\t\t<\/div>\n\t\t\t\t\t<\/div>\n\n\t\n<\/div>","protected":false},"excerpt":{"rendered":"","protected":false},"author":3,"featured_media":0,"parent":1010,"menu_order":0,"comment_status":"closed","ping_status":"closed","template":"","meta":{"footnotes":""},"class_list":["post-1008","page","type-page","status-publish","hentry"],"_links":{"self":[{"href":"https:\/\/stb-dao.de\/vi\/wp-json\/wp\/v2\/pages\/1008","targetHints":{"allow":["GET"]}}],"collection":[{"href":"https:\/\/stb-dao.de\/vi\/wp-json\/wp\/v2\/pages"}],"about":[{"href":"https:\/\/stb-dao.de\/vi\/wp-json\/wp\/v2\/types\/page"}],"author":[{"embeddable":true,"href":"https:\/\/stb-dao.de\/vi\/wp-json\/wp\/v2\/users\/3"}],"replies":[{"embeddable":true,"href":"https:\/\/stb-dao.de\/vi\/wp-json\/wp\/v2\/comments?post=1008"}],"version-history":[{"count":6,"href":"https:\/\/stb-dao.de\/vi\/wp-json\/wp\/v2\/pages\/1008\/revisions"}],"predecessor-version":[{"id":1290,"href":"https:\/\/stb-dao.de\/vi\/wp-json\/wp\/v2\/pages\/1008\/revisions\/1290"}],"up":[{"embeddable":true,"href":"https:\/\/stb-dao.de\/vi\/wp-json\/wp\/v2\/pages\/1010"}],"wp:attachment":[{"href":"https:\/\/stb-dao.de\/vi\/wp-json\/wp\/v2\/media?parent=1008"}],"curies":[{"name":"wp","href":"https:\/\/api.w.org\/{rel}","templated":true}]}}