{"id":1013,"date":"2026-01-19T12:34:35","date_gmt":"2026-01-19T12:34:35","guid":{"rendered":"https:\/\/stb-dao.vinabau.de\/?page_id=1013"},"modified":"2026-01-27T16:56:37","modified_gmt":"2026-01-27T16:56:37","slug":"unsere-team","status":"publish","type":"page","link":"https:\/\/stb-dao.de\/vi\/kanzlei\/unsere-team\/","title":{"rendered":"\u0110\u1ed9i Ng\u0169 Nh\u00e2n Vi\u00ean"},"content":{"rendered":"<div class=\"img has-hover x md-x lg-x y md-y lg-y\" id=\"image_1880250388\">\n\t\t\t\t\t\t\t\t<div class=\"img-inner dark\" >\n\t\t\t<img loading=\"lazy\" decoding=\"async\" width=\"1020\" height=\"680\" src=\"https:\/\/stb-dao.de\/wp-content\/uploads\/2023\/10\/DSC02409-1024x683.jpg\" class=\"attachment-large size-large\" alt=\"\" srcset=\"https:\/\/stb-dao.de\/wp-content\/uploads\/2023\/10\/DSC02409-1024x683.jpg 1024w, https:\/\/stb-dao.de\/wp-content\/uploads\/2023\/10\/DSC02409-300x200.jpg 300w, https:\/\/stb-dao.de\/wp-content\/uploads\/2023\/10\/DSC02409-768x512.jpg 768w, https:\/\/stb-dao.de\/wp-content\/uploads\/2023\/10\/DSC02409-1536x1024.jpg 1536w, https:\/\/stb-dao.de\/wp-content\/uploads\/2023\/10\/DSC02409-2048x1365.jpg 2048w, https:\/\/stb-dao.de\/wp-content\/uploads\/2023\/10\/DSC02409-18x12.jpg 18w\" sizes=\"auto, (max-width: 1020px) 100vw, 1020px\" \/>\t\t\t\t\t\t\n\t\t\t\t\t<\/div>\n\t\t\t\t\t\t\t\t\n<style>\n#image_1880250388 {\n  width: 100%;\n}\n<\/style>\n\t<\/div>\n\t\n<p class=\"translation-block\"><span style=\"font-size: 120%;\">Unser Team besteht aus \u00fcber 20 engagierten und erfahrenen Mitarbeiterinnen und Mitarbeitern im Bereich Steuerberatung und Finanzbuchhaltung.<\/span><br>\r\n<span style=\"font-size: 120%;\">Mit fundiertem Fachwissen und langj\u00e4hriger Praxiserfahrung unterst\u00fctzen wir Unternehmen kompetent bei steuerlichen und betriebswirtschaftlichen Fragestellungen.<\/span><br>\r\n<span style=\"font-size: 120%;\">Dank unserer flie\u00dfenden Deutsch- und Vietnamesischkenntnisse gew\u00e4hrleisten wir eine klare, verst\u00e4ndliche und effiziente Kommunikation mit unseren Mandanten.<\/span><\/p>\n<a href=\"\/vi\/kontakt\/\" target=\"_self\" class=\"button primary\"  style=\"border-radius:99px;\">\n    <span>\u0110\u1eb7t L\u1ecbch h\u1eb9n ngay h\u00f4m nay<\/span>\n  <\/a>","protected":false},"excerpt":{"rendered":"<p class=\"translation-block\"><span style=\"font-size: 120%;\">Unser Team besteht aus \u00fcber 20 engagierten und erfahrenen Mitarbeiterinnen und Mitarbeitern im Bereich Steuerberatung und Finanzbuchhaltung.<\/span><br>\r\n<span style=\"font-size: 120%;\">Mit fundiertem Fachwissen und langj\u00e4hriger Praxiserfahrung unterst\u00fctzen wir Unternehmen kompetent bei steuerlichen und betriebswirtschaftlichen Fragestellungen.<\/span><br>\r\n<span style=\"font-size: 120%;\">Dank unserer flie\u00dfenden Deutsch- und Vietnamesischkenntnisse gew\u00e4hrleisten wir eine klare, verst\u00e4ndliche und effiziente Kommunikation mit unseren Mandanten.<\/span><\/p>","protected":false},"author":3,"featured_media":0,"parent":1010,"menu_order":0,"comment_status":"closed","ping_status":"closed","template":"","meta":{"footnotes":""},"class_list":["post-1013","page","type-page","status-publish","hentry"],"_links":{"self":[{"href":"https:\/\/stb-dao.de\/vi\/wp-json\/wp\/v2\/pages\/1013","targetHints":{"allow":["GET"]}}],"collection":[{"href":"https:\/\/stb-dao.de\/vi\/wp-json\/wp\/v2\/pages"}],"about":[{"href":"https:\/\/stb-dao.de\/vi\/wp-json\/wp\/v2\/types\/page"}],"author":[{"embeddable":true,"href":"https:\/\/stb-dao.de\/vi\/wp-json\/wp\/v2\/users\/3"}],"replies":[{"embeddable":true,"href":"https:\/\/stb-dao.de\/vi\/wp-json\/wp\/v2\/comments?post=1013"}],"version-history":[{"count":5,"href":"https:\/\/stb-dao.de\/vi\/wp-json\/wp\/v2\/pages\/1013\/revisions"}],"predecessor-version":[{"id":1135,"href":"https:\/\/stb-dao.de\/vi\/wp-json\/wp\/v2\/pages\/1013\/revisions\/1135"}],"up":[{"embeddable":true,"href":"https:\/\/stb-dao.de\/vi\/wp-json\/wp\/v2\/pages\/1010"}],"wp:attachment":[{"href":"https:\/\/stb-dao.de\/vi\/wp-json\/wp\/v2\/media?parent=1013"}],"curies":[{"name":"wp","href":"https:\/\/api.w.org\/{rel}","templated":true}]}}