{"id":1037,"date":"2026-01-23T18:08:56","date_gmt":"2026-01-23T18:08:56","guid":{"rendered":"https:\/\/stb-dao.vinabau.de\/?page_id=1037"},"modified":"2026-01-28T12:54:58","modified_gmt":"2026-01-28T12:54:58","slug":"kontakt","status":"publish","type":"page","link":"https:\/\/stb-dao.de\/vi\/kontakt\/","title":{"rendered":"LI\u00caN H\u1ec6"},"content":{"rendered":"<div class=\"row\"  id=\"row-910308555\">\n\n\t<div id=\"col-579221558\" class=\"col medium-8 small-12 large-8\"  >\n\t\t\t\t<div class=\"col-inner\"  >\n\t\t\t\n\t\t\t\n<h2 class=\"lead\">H\u00e3y \u0111\u1ec3 l\u1ea1i th\u00f4ng tin. AD s\u1ebd li\u00ean h\u1ec7 ngay v\u1edbi b\u1ea1n<\/h2>\n\n<div class=\"wpcf7 no-js\" id=\"wpcf7-f1131-o1\" lang=\"de-DE\" dir=\"ltr\" data-wpcf7-id=\"1131\">\n<div class=\"screen-reader-response\"><p role=\"status\" aria-live=\"polite\" aria-atomic=\"true\"><\/p> <ul><\/ul><\/div>\n<form action=\"\/vi\/wp-json\/wp\/v2\/pages\/1037#wpcf7-f1131-o1\" method=\"post\" class=\"wpcf7-form init\" aria-label=\"Kontaktformular\" novalidate=\"novalidate\" data-status=\"init\" data-trp-original-action=\"\/vi\/wp-json\/wp\/v2\/pages\/1037#wpcf7-f1131-o1\">\n<fieldset class=\"hidden-fields-container\"><input type=\"hidden\" name=\"_wpcf7\" value=\"1131\" \/><input type=\"hidden\" name=\"_wpcf7_version\" value=\"6.1.5\" \/><input type=\"hidden\" name=\"_wpcf7_locale\" value=\"de_DE\" \/><input type=\"hidden\" name=\"_wpcf7_unit_tag\" value=\"wpcf7-f1131-o1\" \/><input type=\"hidden\" name=\"_wpcf7_container_post\" value=\"0\" \/><input type=\"hidden\" name=\"_wpcf7_posted_data_hash\" value=\"\" \/>\n<\/fieldset>\n<p><label>H\u1ecd v\u00e0 T\u00ean <span class=\"required\">*<\/span><br \/>\n<span class=\"wpcf7-form-control-wrap\" data-name=\"your-name\"><input size=\"40\" maxlength=\"400\" class=\"wpcf7-form-control wpcf7-text wpcf7-validates-as-required\" autocomplete=\"name\" aria-required=\"true\" aria-invalid=\"false\" value=\"\" type=\"text\" name=\"your-name\" \/><\/span><br \/>\n<\/label>\n<\/p>\n<p><label>Email <span class=\"required\">*<\/span><br \/>\n<span class=\"wpcf7-form-control-wrap\" data-name=\"your-email\"><input size=\"40\" maxlength=\"400\" class=\"wpcf7-form-control wpcf7-email wpcf7-validates-as-required wpcf7-text wpcf7-validates-as-email\" autocomplete=\"email\" aria-required=\"true\" aria-invalid=\"false\" value=\"\" type=\"email\" name=\"your-email\" \/><\/span><br \/>\n<\/label>\n<\/p>\n<p><label>S\u1ed1 \u0111i\u1ec7n tho\u1ea1i <span class=\"required\">*<\/span><br \/>\n<span class=\"wpcf7-form-control-wrap\" data-name=\"your-phone\"><input size=\"40\" maxlength=\"400\" class=\"wpcf7-form-control wpcf7-tel wpcf7-validates-as-required wpcf7-text wpcf7-validates-as-tel\" autocomplete=\"tel\" aria-required=\"true\" aria-invalid=\"false\" value=\"\" type=\"tel\" name=\"your-phone\" \/><\/span><br \/>\n<\/label>\n<\/p>\n<p><label>T\u00ean Doanh Nghi\u1ec7p<br \/>\n<span class=\"wpcf7-form-control-wrap\" data-name=\"your-company\"><input size=\"40\" maxlength=\"400\" class=\"wpcf7-form-control wpcf7-text\" aria-invalid=\"false\" value=\"\" type=\"text\" name=\"your-company\" \/><\/span><br \/>\n<\/label>\n<\/p>\n<p><label>Ti\u00eau \u0111\u1ec1 <span class=\"required\">*<\/span><br \/>\n<span class=\"wpcf7-form-control-wrap\" data-name=\"your-subject\"><input size=\"40\" maxlength=\"400\" class=\"wpcf7-form-control wpcf7-text wpcf7-validates-as-required\" aria-required=\"true\" aria-invalid=\"false\" placeholder=\"Y\u00eau c\u1ea7u c\u1ee7a b\u1ea1n\" value=\"\" type=\"text\" name=\"your-subject\" \/><\/span><br \/>\n<\/label>\n<\/p>\n<p><label>Tin nh\u1eafn<br \/>\n<span class=\"wpcf7-form-control-wrap\" data-name=\"your-message\"><textarea cols=\"40\" rows=\"10\" maxlength=\"2000\" class=\"wpcf7-form-control wpcf7-textarea\" aria-invalid=\"false\" placeholder=\"Xin vui l\u00f2ng m\u00f4 t\u1ea3 ng\u1eafn g\u1ecdn v\u1ea5n \u0111\u1ec1 ho\u1eb7c y\u00eau c\u1ea7u c\u1ee7a b\u1ea1n\u2026\" name=\"your-message\"><\/textarea><\/span><br \/>\n<\/label>\n<\/p>\n\n<!-- Checkbox 1: Consent to be contacted -->\n<p><label class=\"wpcf7-form-consent\"><br \/>\n<span class=\"wpcf7-form-control-wrap\" data-name=\"contact-consent\"><span class=\"wpcf7-form-control wpcf7-checkbox wpcf7-validates-as-required\"><span class=\"wpcf7-list-item first last\"><label><input type=\"checkbox\" name=\"contact-consent[]\" value=\"Ich stimme zu, von AD Steuerberatungsgesellschaft mbH im Rahmen meiner Anfrage per E-Mail oder Telefon kontaktiert zu werden.\" \/><span class=\"wpcf7-list-item-label\">T\u00f4i \u0111\u1ed3ng \u00fd \u0111\u01b0\u1ee3c C\u00f4ng ty T\u01b0 v\u1ea5n Thu\u1ebf AD (AD Steuerberatungsgesellschaft mbH) li\u00ean h\u1ec7 qua email ho\u1eb7c \u0111i\u1ec7n tho\u1ea1i trong ph\u1ea1m vi y\u00eau c\u1ea7u c\u1ee7a t\u00f4i.<\/span><\/label><\/span><\/span><\/span><br \/>\n<\/label>\n<\/p>\n\n<!-- Checkbox 2: GDPR \/ Datenschutz -->\n<p><label class=\"wpcf7-form-gdpr\"><br \/>\n<span class=\"wpcf7-form-control-wrap\" data-name=\"gdpr-consent\"><span class=\"wpcf7-form-control wpcf7-checkbox wpcf7-validates-as-required\"><span class=\"wpcf7-list-item first last\"><label><input type=\"checkbox\" name=\"gdpr-consent[]\" value=\"Ich stimme der Verarbeitung meiner Daten gem\u00e4\u00df der Datenschutzerkl\u00e4rung zu.\" \/><span class=\"wpcf7-list-item-label\">T\u00f4i \u0111\u1ed3ng \u00fd cho vi\u1ec7c x\u1eed l\u00fd d\u1eef li\u1ec7u c\u1ee7a t\u00f4i theo Ch\u00ednh s\u00e1ch b\u1ea3o m\u1eadt.<\/span><\/label><\/span><\/span><\/span><br \/>\n<\/label>\n<\/p>\n<p><input class=\"wpcf7-form-control wpcf7-submit has-spinner\" type=\"submit\" value=\"G\u1eedi \u0111i\" \/>\n<\/p>\n<p><br \/>\n<a href=\"\/vi\/datenschutz\/\" target=\"_blank\">\n\t\t<bold>Ch\u00ednh s\u00e1ch b\u1ea3o m\u1eadt\n\t\t<\/bold><\/a>\n<\/p><div class=\"wpcf7-response-output\" aria-hidden=\"true\"><\/div>\n<input type=\"hidden\" name=\"trp-form-language\" value=\"vi\"\/><\/form>\n<\/div>\n\n\t\t<\/div>\n\t\t\t\t\t<\/div>\n\n\t\n\n\t<div id=\"col-215625091\" class=\"col medium-4 small-12 large-4\"  >\n\t\t\t\t<div class=\"col-inner\"  >\n\t\t\t\n\t\t\t\n<div id=\"panel-14-0-1-0\" class=\"so-panel widget widget_sow-editor panel-first-child\" data-index=\"2\">\n<div class=\"so-widget-sow-editor so-widget-sow-editor-base\">\n<div class=\"siteorigin-widget-tinymce textwidget\">\n<h3 class=\"farbe\">LI\u00caN H\u1ec6<\/h3>\n<p>AD Steuerberatungsgesellschaft mbH<br \/>Herzbergstra\u00dfe 128 -139 z. 302<br \/>10365 Berlin<\/p>\n<p><strong>Telefon:<\/strong><a class=\"tooltip tooltipstered\" href=\"tel:+49 (0) 30 754 377 566\">\u00a0+49 (0) 30 754377566<\/a><br \/><strong>Telefon:<\/strong> <a class=\"tooltip tooltipstered\" href=\"tel:+49 (0) 30 754 377 566\">\u00a0+49 (0) 1525 8575256<\/a><br \/><strong>Mail:<\/strong> <a class=\"tooltip tooltipstered\" href=\"mailto:info@stb-dao.de\">info@stb-dao.de<\/a><\/p>\n<\/div>\n<\/div>\n<\/div>\n<div id=\"panel-14-0-1-1\" class=\"so-panel widget widget_sow-editor panel-last-child\" data-index=\"3\">\n<div class=\"so-widget-sow-editor so-widget-sow-editor-base\">\n<div class=\"siteorigin-widget-tinymce textwidget\">\n<h3 class=\"farbe\">Gi\u1edd m\u1edf c\u1eeda<\/h3>\n<p><b>Mo-Fr: <\/b>09:00 &#8211; 18:00 Uhr<b><br \/>Sa: <\/b>10:00 &#8211; 16:00 Uhr<b><br \/>So: <\/b>nur nach Vereinbarung<\/p>\n<\/div>\n<\/div>\n<\/div>\n\t<div class=\"img has-hover x md-x lg-x y md-y lg-y\" id=\"image_1684503329\">\n\t\t\t\t\t\t\t\t<div class=\"img-inner dark\" >\n\t\t\t<img loading=\"lazy\" decoding=\"async\" width=\"300\" height=\"200\" src=\"https:\/\/stb-dao.de\/wp-content\/uploads\/2023\/10\/DSC02380-300x200.jpg\" class=\"attachment-medium size-medium\" alt=\"\" srcset=\"https:\/\/stb-dao.de\/wp-content\/uploads\/2023\/10\/DSC02380-300x200.jpg 300w, https:\/\/stb-dao.de\/wp-content\/uploads\/2023\/10\/DSC02380-1024x683.jpg 1024w, https:\/\/stb-dao.de\/wp-content\/uploads\/2023\/10\/DSC02380-768x512.jpg 768w, https:\/\/stb-dao.de\/wp-content\/uploads\/2023\/10\/DSC02380-1536x1024.jpg 1536w, https:\/\/stb-dao.de\/wp-content\/uploads\/2023\/10\/DSC02380-2048x1365.jpg 2048w, https:\/\/stb-dao.de\/wp-content\/uploads\/2023\/10\/DSC02380-18x12.jpg 18w\" sizes=\"auto, (max-width: 300px) 100vw, 300px\" \/>\t\t\t\t\t\t\n\t\t\t\t\t<\/div>\n\t\t\t\t\t\t\t\t\n<style>\n#image_1684503329 {\n  width: 100%;\n}\n<\/style>\n\t<\/div>\n\t\n\t\t<\/div>\n\t\t\t\t\t<\/div>\n\n\t\n<\/div>\n<div class=\"is-divider divider clearfix\" ><\/div>\n<div class=\"row\"  id=\"row-157916887\">\n\n\t<div id=\"col-740481373\" class=\"col small-12 large-12\"  >\n\t\t\t\t<div class=\"col-inner\"  >\n\t\t\t\n\t\t\t\n<h2>Unsere Antwort auf h\u00e4ufig gestellte Fragen<\/h2>\n<h4>1. Was kostet bei Ihnen die Steuerberatung?<\/h4>\n<blockquote>\n<div>Die Geb\u00fchren richten sich nach der Steuerberaterverg\u00fctungsverordnung (StBVV), die verbindlich regelt, wie das Honorar f\u00fcr jede einzelne Leistung zu berechnen ist und somit f\u00fcr Transparenz sorgt. Als Steuerberater verf\u00fcgen wir innerhalb dieses Rahmens \u00fcber einen gesetzlich vorgesehenen Ermessensspielraum. In durchschnittlichen F\u00e4llen setzen wir die Mittelgeb\u00fchr an. Bei erh\u00f6htem Arbeits- oder Zeitaufwand kann die Geb\u00fchr entsprechend h\u00f6her ausfallen. Transparenz und Nachvollziehbarkeit stehen bei uns stets im Vordergrund.<\/div>\n<div>Die Honorare f\u00fcr die Finanzbuchhaltung und die Lohnbuchhaltung sowie laufende Beratung werden bei uns monatlich abgerechnet. Die Verg\u00fctung f\u00fcr die Erstellung des Jahresabschlusses sowie der Steuererkl\u00e4rungen erfolgt nach Fertigstellung der jeweiligen Leistungen.<\/div>\n<\/blockquote>\n<h4>2. Was kostet eine individuelle Beratung?<\/h4>\n<blockquote>\n<div>\u00a0M\u1ee9c ph\u00ed t\u01b0 v\u1ea5n c\u1ee7a ch\u00fang t\u00f4i l\u00e0 150 \u20ac m\u1ed7i gi\u1edd.<\/div>\n<\/blockquote>\n<h4>3. Habe ich einen direkten Ansprechpartner<\/h4>\n<blockquote>\n<div>Ja. Bei uns werden Ihnen individuelle betreut. Sie erhalten stets die Kontaktsdaten Ihre Ansprechspartner<\/div>\n<\/blockquote>\n<h4>4. Wie sind die \u00d6ffnungszeiten<\/h4>\n<blockquote>\n<div>V\u0103n ph\u00f2ng l\u00e0m vi\u1ec7c t\u1eeb th\u1ee9 Hai \u0111\u1ebfn th\u1ee9 S\u00e1u, t\u1eeb 9:00 \u0111\u1ebfn 17:00.<\/div>\n<\/blockquote>\n<div>\u00a0<\/div>\n\t\t<\/div>\n\t\t\t\t\t<\/div>\n\n\t\n<\/div>","protected":false},"excerpt":{"rendered":"","protected":false},"author":3,"featured_media":0,"parent":0,"menu_order":0,"comment_status":"closed","ping_status":"closed","template":"","meta":{"footnotes":""},"class_list":["post-1037","page","type-page","status-publish","hentry"],"_links":{"self":[{"href":"https:\/\/stb-dao.de\/vi\/wp-json\/wp\/v2\/pages\/1037","targetHints":{"allow":["GET"]}}],"collection":[{"href":"https:\/\/stb-dao.de\/vi\/wp-json\/wp\/v2\/pages"}],"about":[{"href":"https:\/\/stb-dao.de\/vi\/wp-json\/wp\/v2\/types\/page"}],"author":[{"embeddable":true,"href":"https:\/\/stb-dao.de\/vi\/wp-json\/wp\/v2\/users\/3"}],"replies":[{"embeddable":true,"href":"https:\/\/stb-dao.de\/vi\/wp-json\/wp\/v2\/comments?post=1037"}],"version-history":[{"count":11,"href":"https:\/\/stb-dao.de\/vi\/wp-json\/wp\/v2\/pages\/1037\/revisions"}],"predecessor-version":[{"id":1213,"href":"https:\/\/stb-dao.de\/vi\/wp-json\/wp\/v2\/pages\/1037\/revisions\/1213"}],"wp:attachment":[{"href":"https:\/\/stb-dao.de\/vi\/wp-json\/wp\/v2\/media?parent=1037"}],"curies":[{"name":"wp","href":"https:\/\/api.w.org\/{rel}","templated":true}]}}