{"id":1137,"date":"2026-01-27T21:58:14","date_gmt":"2026-01-27T21:58:14","guid":{"rendered":"https:\/\/stb-dao.vinabau.de\/?page_id=1137"},"modified":"2026-03-09T21:08:25","modified_gmt":"2026-03-09T21:08:25","slug":"finanzbuchhaltung","status":"publish","type":"page","link":"https:\/\/stb-dao.de\/vi\/leistungen\/finanzbuchhaltung\/","title":{"rendered":"K\u1ebf To\u00e1n T\u00e0i Ch\u00ednh"},"content":{"rendered":"<section class=\"section\" id=\"section_2128396730\">\n\t\t<div class=\"bg section-bg fill bg-fill  bg-loaded\" >\n\n\t\t\t\n\t\t\t<div class=\"section-bg-overlay absolute fill\"><\/div>\n\t\t\t\n\n\t\t<\/div>\n\n\t\t<div class=\"section-content relative\">\n\t\t\t\n<div class=\"row row-large\"  id=\"row-567869476\">\n\n\n\t<div id=\"col-518806347\" class=\"col small-12 large-12\"  >\n\t\t\t\t<div class=\"col-inner text-left\"  >\n\t\t\t\n\t\t\t\n<h1 class=\"ci1\">K\u1ebf to\u00e1n T\u00e0i ch\u00ednh cho doanh nghi\u1ec7p<\/h1>\n<h6>N\u1ec1n t\u1ea3ng th\u1ed1ng k\u00ea v\u1eefng ch\u1eafc cho s\u1ef1 ph\u00e1t tri\u1ec3n c\u1ee7a doanh nghi\u1ec7p<\/h6>\n<p>K\u1ebf to\u00e1n t\u00e0i ch\u00ednh l\u00e0 n\u1ec1n t\u1ea3ng quan tr\u1ecdng cho vi\u1ec7c qu\u1ea3n l\u00fd doanh nghi\u1ec7p hi\u1ec7u qu\u1ea3 v\u00e0 \u0111\u01b0a ra c\u00e1c quy\u1ebft \u0111\u1ecbnh thu\u1ebf \u0111\u00fang quy \u0111\u1ecbnh ph\u00e1p lu\u1eadt. H\u1ec7 th\u1ed1ng k\u1ebf to\u00e1n cung c\u1ea5p c\u00e1c b\u00e1o c\u00e1o minh b\u1ea1ch, s\u1ed1 li\u1ec7u \u0111\u00e1ng tin c\u1eady v\u00e0 l\u00e0 c\u01a1 s\u1edf \u0111\u1ec3 l\u1eadp k\u1ebf ho\u1ea1ch ph\u00e1t tri\u1ec3n b\u1ec1n v\u1eefng trong t\u01b0\u01a1ng lai.<\/p>\n<p>Die<strong> AD Steuerberatungsgesellschaft<\/strong> cung c\u1ea5p d\u1ecbch v\u1ee5 k\u1ebf to\u00e1n t\u00e0i ch\u00ednh hi\u1ec7n \u0111\u1ea1i<strong> v\u00e0 s\u1ed1 h\u00f3a<\/strong> t\u1ea1i \u0110\u1ee9c, \u0111\u01b0\u1ee3c thi\u1ebft k\u1ebf ph\u00f9 h\u1ee3p v\u1edbi t\u1eebng ng\u00e0nh ngh\u1ec1 v\u00e0 quy m\u00f4 doanh nghi\u1ec7p. Ch\u00fang t\u00f4i \u0111ang t\u01b0 v\u1ea5n v\u00e0 h\u1ed7 tr\u1ee3 nhi\u1ec1u doanh nghi\u1ec7p trong c\u00e1c l\u0129nh v\u1ef1c nh\u01b0 nh\u00e0 h\u00e0ng, l\u00e0m \u0111\u1eb9p &amp; m\u1ef9 ph\u1ea9m, b\u00e1n bu\u00f4n, xu\u1ea5t nh\u1eadp kh\u1ea9u v\u00e0 b\u1ea5t \u0111\u1ed9ng s\u1ea3n, \u0111\u1ed3ng th\u1eddi c\u00f3 nhi\u1ec1u kinh nghi\u1ec7m v\u1edbi c\u00e1c m\u00f4 h\u00ecnh kinh doanh kh\u00e1c nhau. Ngo\u00e0i ra, ch\u00fang t\u00f4i c\u0169ng h\u1ed7 tr\u1ee3 doanh nghi\u1ec7p thu\u1ed9c nhi\u1ec1u ng\u00e0nh ngh\u1ec1 kh\u00e1c.<\/p>\n<h6>K\u1ebf to\u00e1n do doanh nghi\u1ec7p t\u1ef1 th\u1ef1c hi\u1ec7n<\/h6>\n<p>N\u1ebfu ch\u1ee7 doanh nghi\u1ec7p ho\u1eb7c nh\u00e2n vi\u00ean c\u1ee7a doanh nghi\u1ec7p c\u00f3 ki\u1ebfn th\u1ee9c c\u01a1 b\u1ea3n v\u1ec1 k\u1ebf to\u00e1n, ch\u00fang t\u00f4i c\u00f3 th\u1ec3 cung c\u1ea5p ph\u1ea7n m\u1ec1m k\u1ebf to\u00e1n DATEV \u0111\u01b0\u1ee3c thi\u1ebft k\u1ebf ph\u00f9 h\u1ee3p v\u1edbi doanh nghi\u1ec7p c\u1ee7a b\u1ea1n.<\/p>\n<h6>L\u1ee3i \u00edch d\u00e0nh cho doanh nghi\u1ec7p c\u1ee7a b\u1ea1n<\/h6>\n<ul>\n<li>\n<p><span style=\"color: #555555; font-size: 14.4px;\">Th\u1ef1c hi\u1ec7n k\u1ebf to\u00e1n tr\u1ef1c ti\u1ebfp t\u1ea1i doanh nghi\u1ec7p<\/span><\/p>\n<\/li>\n<li>\n<p><span style=\"color: #555555; font-size: 14.4px;\">T\u1ef1 l\u1eadp c\u00e1c b\u00e1o c\u00e1o v\u00e0 ph\u00e2n t\u00edch t\u00e0i ch\u00ednh<\/span><\/p>\n<\/li>\n<li>\n<p><span style=\"color: #555555; font-size: 14.4px;\">Trao \u0111\u1ed5i d\u1eef li\u1ec7u an to\u00e0n v\u1edbi v\u0103n ph\u00f2ng ch\u00fang t\u00f4i<\/span><\/p>\n<\/li>\n<li>\n<p><span style=\"color: #555555; font-size: 14.4px;\">H\u1ee3p t\u00e1c hi\u1ec7u qu\u1ea3 trong qu\u00e1 tr\u00ecnh l\u1eadp b\u00e1o c\u00e1o t\u00e0i ch\u00ednh n\u0103m<\/span><\/p>\n<\/li>\n<\/ul>\n<p>Nh\u1edd \u0111\u00f3, doanh nghi\u1ec7p lu\u00f4n ch\u1ee7 \u0111\u1ed9ng ki\u1ec3m so\u00e1t h\u1ec7 th\u1ed1ng k\u1ebf to\u00e1n c\u1ee7a m\u00ecnh, trong khi v\u0103n ph\u00f2ng ch\u00fang t\u00f4i v\u1eabn \u0111\u1ed3ng h\u00e0nh v\u1edbi vai tr\u00f2 chuy\u00ean gia t\u01b0 v\u1ea5n thu\u1ebf gi\u00e0u kinh nghi\u1ec7m.<\/p>\n<h6>K\u1ebf to\u00e1n do v\u0103n ph\u00f2ng ch\u00fang t\u00f4i th\u1ef1c hi\u1ec7n<\/h6>\n<p>Theo y\u00eau c\u1ea7u, ch\u00fang t\u00f4i c\u00f3 th\u1ec3 \u0111\u1ea3m nh\u1eadn to\u00e0n b\u1ed9 c\u00f4ng t\u00e1c <strong>k\u1ebf to\u00e1n cho doanh nghi\u1ec7p c\u1ee7a qu\u00fd kh\u00e1ch t\u1ea1i \u0110\u1ee9c.<\/strong>D\u1ecbch v\u1ee5 c\u1ee7a ch\u00fang t\u00f4i bao g\u1ed3m:<\/p>\n<ul>\n<li><span style=\"color: #555555; font-size: 14.4px;\">\u0110\u1ecbnh kho\u1ea3n s\u01a1 b\u1ed9 v\u00e0 ki\u1ec3m tra ch\u1ee9ng t\u1eeb<\/span><\/li>\n<li><span style=\"color: #555555; font-size: 14.4px;\">X\u1eed l\u00fd d\u1eef li\u1ec7u k\u1ebf to\u00e1n tr\u00ean h\u1ec7 th\u1ed1ng DATEV<\/span><\/li>\n<li><span style=\"color: #555555; font-size: 14.4px;\">L\u1eadp c\u00e1c b\u00e1o c\u00e1o ph\u00e2n t\u00edch t\u00e0i ch\u00ednh v\u00e0 kinh doanh<\/span><\/li>\n<li><span style=\"color: #555555; font-size: 14.4px;\">N\u1ed9p b\u00e1o c\u00e1o thu\u1ebf \u0111\u00fang th\u1eddi h\u1ea1n theo quy \u0111\u1ecbnh<\/span><\/li>\n<li><span style=\"color: #555555; font-size: 14.4px;\">\u0110\u1ed1i chi\u1ebfu t\u00e0i kho\u1ea3n \u0111\u1ecbnh k\u1ef3 \u0111\u1ec3 \u0111\u1ea3m b\u1ea3o s\u1ed1 li\u1ec7u ch\u00ednh x\u00e1c<\/span><\/li>\n<\/ul>\n<p class=\"translation-block\">Nh\u1edd \u0111\u00f3, doanh nghi\u1ec7p c\u1ee7a qu\u00fd kh\u00e1ch s\u1ebd c\u00f3 h\u1ec7 th\u1ed1ng k\u1ebf to\u00e1n r\u00f5 r\u00e0ng, \u0111\u00e1ng tin c\u1eady, gi\u00fap gi\u1ea3m thi\u1ec3u r\u1ee7i ro v\u00e0 h\u1ed7 tr\u1ee3 hi\u1ec7u qu\u1ea3 cho qu\u00e1 tr\u00ecnh ph\u00e1t tri\u1ec3n kinh doanh.<\/p>\n<a href=\"\/vi\/kontakt\/\" target=\"_self\" class=\"button primary\"  style=\"border-radius:99px;\">\n    <span>\u0110\u1eb7t L\u1ecbch h\u1eb9n ngay h\u00f4m nay<\/span>\n  <\/a>\n\n\t\t<\/div>\n\t\t\t\t\t<\/div>\n\n\t\n<\/div>\n\t\t<\/div>\n\n\t\t\n<style>\n#section_2128396730 {\n  padding-top: 60px;\n  padding-bottom: 60px;\n}\n#section_2128396730 .section-bg-overlay {\n  background-color: rgba(255, 255, 255, 0.85);\n}\n<\/style>\n\t<\/section>","protected":false},"excerpt":{"rendered":"","protected":false},"author":3,"featured_media":0,"parent":135,"menu_order":0,"comment_status":"closed","ping_status":"closed","template":"","meta":{"footnotes":""},"class_list":["post-1137","page","type-page","status-publish","hentry"],"_links":{"self":[{"href":"https:\/\/stb-dao.de\/vi\/wp-json\/wp\/v2\/pages\/1137","targetHints":{"allow":["GET"]}}],"collection":[{"href":"https:\/\/stb-dao.de\/vi\/wp-json\/wp\/v2\/pages"}],"about":[{"href":"https:\/\/stb-dao.de\/vi\/wp-json\/wp\/v2\/types\/page"}],"author":[{"embeddable":true,"href":"https:\/\/stb-dao.de\/vi\/wp-json\/wp\/v2\/users\/3"}],"replies":[{"embeddable":true,"href":"https:\/\/stb-dao.de\/vi\/wp-json\/wp\/v2\/comments?post=1137"}],"version-history":[{"count":7,"href":"https:\/\/stb-dao.de\/vi\/wp-json\/wp\/v2\/pages\/1137\/revisions"}],"predecessor-version":[{"id":1287,"href":"https:\/\/stb-dao.de\/vi\/wp-json\/wp\/v2\/pages\/1137\/revisions\/1287"}],"up":[{"embeddable":true,"href":"https:\/\/stb-dao.de\/vi\/wp-json\/wp\/v2\/pages\/135"}],"wp:attachment":[{"href":"https:\/\/stb-dao.de\/vi\/wp-json\/wp\/v2\/media?parent=1137"}],"curies":[{"name":"wp","href":"https:\/\/api.w.org\/{rel}","templated":true}]}}