{"id":1219,"date":"2026-01-28T13:12:40","date_gmt":"2026-01-28T13:12:40","guid":{"rendered":"https:\/\/stb-dao.vinabau.de\/?page_id=1219"},"modified":"2026-03-15T20:16:59","modified_gmt":"2026-03-15T20:16:59","slug":"lohn-gehaltsabrechnung","status":"publish","type":"page","link":"https:\/\/stb-dao.de\/vi\/leistungen\/lohn-gehaltsabrechnung\/","title":{"rendered":"K\u1ebf To\u00e1n L\u01b0\u01a1ng"},"content":{"rendered":"<div class=\"row\"  id=\"row-2091082971\">\n\n\t<div id=\"col-924618713\" class=\"col small-12 large-12\"  >\n\t\t\t\t<div class=\"col-inner\"  >\n\t\t\t\n\t\t\t\n<h1 class=\"ci1\">K\u1ebf To\u00e1n L\u01b0\u01a1ng v\u00e0 quy\u1ebft to\u00e1n l\u01b0\u01a1ng cho doanh nghi\u1ec7p<\/h1>\n<p><strong>D\u1ecbch v\u1ee5  k\u1ebf to\u00e1n l\u01b0\u01a1ng chuy\u00ean nghi\u1ec7p<\/strong><\/p>\n<p>M\u1ed9t h\u1ec7 th\u1ed1ng t\u00ednh l\u01b0\u01a1ng v\u00e0 l\u1eadp b\u1ea3ng l\u01b0\u01a1ng ch\u00ednh x\u00e1c, \u0111\u00fang th\u1eddi h\u1ea1n l\u00e0 y\u1ebfu t\u1ed1 quan tr\u1ecdng \u0111\u1ec3 \u0111\u1ea3m b\u1ea3o s\u1ef1 h\u00e0i l\u00f2ng c\u1ee7a nh\u00e2n vi\u00ean v\u00e0 tu\u00e2n th\u1ee7 \u0111\u1ea7y \u0111\u1ee7 c\u00e1c quy \u0111\u1ecbnh ph\u00e1p lu\u1eadt. V\u0103n Ph\u00f2ng thu\u1ebf AD Steuerberatungsgesellschaft mbH s\u1ebd \u0111\u1ea3m nhi\u1ec7m vi\u1ec7c t\u00ednh l\u01b0\u01a1ng cho doanh nghi\u1ec7p c\u1ee7a b\u1ea1n t\u1ea1i \u0110\u1ee9c m\u1ed9t c\u00e1ch \u0111\u00e1ng tin c\u1eady, s\u1ed1 h\u00f3a v\u00e0 tu\u00e2n th\u1ee7 ph\u00e1p l\u00fd, gi\u00fap b\u1ea1n t\u1eadp trung ho\u00e0n to\u00e0n v\u00e0o ho\u1ea1t \u0111\u1ed9ng kinh doanh c\u1ed1t l\u00f5i c\u1ee7a m\u00ecnh.<\/p>\n<p>Ch\u00fang t\u00f4i \u0111ang h\u1ed7 tr\u1ee3 c\u00e1c doanh nghi\u1ec7p trong nhi\u1ec1u l\u0129nh v\u1ef1c nh\u01b0 nh\u00e0 h\u00e0ng \u2013 \u1ea9m th\u1ef1c, l\u00e0m \u0111\u1eb9p &amp; m\u1ef9 ph\u1ea9m, b\u00e1n bu\u00f4n, xu\u1ea5t nh\u1eadp kh\u1ea9u v\u00e0 b\u1ea5t \u0111\u1ed9ng s\u1ea3n, \u0111\u1ed3ng th\u1eddi c\u00f3 kinh nghi\u1ec7m phong ph\u00fa v\u1edbi nhi\u1ec1u m\u00f4 h\u00ecnh kinh doanh v\u00e0 c\u1ea5u tr\u00fac doanh nghi\u1ec7p kh\u00e1c nhau. Ngo\u00e0i ra, ch\u00fang t\u00f4i c\u0169ng h\u1ed7 tr\u1ee3 doanh nghi\u1ec7p trong nhi\u1ec1u ng\u00e0nh ngh\u1ec1 kh\u00e1c.<\/p>\n<p><strong>C\u00e1c d\u1ecbch v\u1ee5 c\u1ee7a ch\u00fang t\u00f4i trong l\u0129nh v\u1ef1c t\u00ednh l\u01b0\u01a1ng &amp; b\u1ea3ng l\u01b0\u01a1ng<\/strong><\/p>\n<p>D\u1ecbch v\u1ee5 c\u1ee7a ch\u00fang t\u00f4i bao g\u1ed3m to\u00e0n b\u1ed9 quy tr\u00ecnh x\u1eed l\u00fd b\u1ea3ng l\u01b0\u01a1ng cho doanh nghi\u1ec7p, c\u1ee5 th\u1ec3:<\/p>\n<ul>\n<li>T\u00ednh l\u01b0\u01a1ng v\u00e0 l\u1eadp b\u1ea3ng l\u01b0\u01a1ng d\u01b0\u1edbi d\u1ea1ng s\u1ed1 h\u00f3a (digital)<\/li>\n<li>Cung c\u1ea5p to\u00e0n b\u1ed9 b\u00e1o c\u00e1o v\u00e0 ph\u00e2n t\u00edch d\u1eef li\u1ec7u d\u01b0\u1edbi d\u1ea1ng s\u1ed1 h\u00f3a<\/li>\n<li>L\u1eadp b\u1ea3ng l\u01b0\u01a1ng h\u00e0ng th\u00e1ng cho nh\u00e2n vi\u00ean<\/span><\/li>\n<li>Qu\u1ea3n l\u00fd s\u1ed5 t\u00e0i kho\u1ea3n ti\u1ec1n l\u01b0\u01a1ng (Lohnkonten)<\/li>\n<li>\u0110\u0103ng k\u00fd v\u00e0 n\u1ed9p thu\u1ebf ti\u1ec1n l\u01b0\u01a1ng (Lohnsteuer)<\/li>\n<li>L\u1eadp b\u00e1o c\u00e1o \u0111\u00f3ng g\u00f3p b\u1ea3o hi\u1ec3m x\u00e3 h\u1ed9i<\/li>\n<li>Th\u1ef1c hi\u1ec7n khai b\u00e1o v\u1edbi c\u00e1c c\u01a1 quan b\u1ea3o hi\u1ec3m x\u00e3 h\u1ed9i<\/li>\n<li>L\u1eadp ch\u1ee9ng nh\u1eadn thu\u1ebf ti\u1ec1n l\u01b0\u01a1ng cho nh\u00e2n vi\u00ean<\/li>\n<li>L\u1eadp l\u1ec7nh thanh to\u00e1n ti\u1ec1n l\u01b0\u01a1ng<\/li>\n<li>H\u1ed7 tr\u1ee3 v\u00e0 \u0111\u1ed3ng h\u00e0nh khi c\u00f3 ki\u1ec3m tra t\u1eeb c\u00e1c c\u01a1 quan ch\u1ee9c n\u0103ng.<br \/>(C\u01a1 quan thu\u1ebf, b\u1ea3o hi\u1ec3m x\u00e3 h\u1ed9i, hi\u1ec7p h\u1ed9i tai n\u1ea1n lao \u0111\u1ed9ng, c\u01a1 quan vi\u1ec7c l\u00e0m)<\/span><\/li>\n<li>H\u1ed7 tr\u1ee3 \u0111\u0103ng k\u00fd tr\u1ee3 c\u1ea5p Kurzarbeit (tr\u1ee3 c\u1ea5p l\u00e0m vi\u1ec7c ng\u1eafn gi\u1edd)<\/span><\/li>\n<\/ul>\n<p>L\u00e0 \u0111\u01a1n v\u1ecb t\u01b0 v\u1ea5n thu\u1ebf c\u00f3 nhi\u1ec1u kinh nghi\u1ec7m trong l\u0129nh v\u1ef1c b\u1ea3ng l\u01b0\u01a1ng t\u1ea1i \u0110\u1ee9c, ch\u00fang t\u00f4i mang \u0111\u1ebfn s\u1ef1 an to\u00e0n ph\u00e1p l\u00fd, minh b\u1ea1ch v\u00e0 gi\u00fap gi\u1ea3m \u0111\u00e1ng k\u1ec3 kh\u1ed1i l\u01b0\u1ee3ng c\u00f4ng vi\u1ec7c h\u00e0ng ng\u00e0y c\u1ee7a doanh nghi\u1ec7p b\u1ea1n.<\/p>\n<a href=\"\/vi\/kontakt\/\" target=\"_self\" class=\"button primary\"  style=\"border-radius:99px;\">\n    <span>\u0110\u1eb7t L\u1ecbch h\u1eb9n ngay h\u00f4m nay<\/span>\n  <\/a>\n\n\t\t<\/div>\n\t\t\t\t\t<\/div>\n\n\t\n<\/div>","protected":false},"excerpt":{"rendered":"","protected":false},"author":3,"featured_media":0,"parent":135,"menu_order":0,"comment_status":"closed","ping_status":"closed","template":"","meta":{"footnotes":""},"class_list":["post-1219","page","type-page","status-publish","hentry"],"_links":{"self":[{"href":"https:\/\/stb-dao.de\/vi\/wp-json\/wp\/v2\/pages\/1219","targetHints":{"allow":["GET"]}}],"collection":[{"href":"https:\/\/stb-dao.de\/vi\/wp-json\/wp\/v2\/pages"}],"about":[{"href":"https:\/\/stb-dao.de\/vi\/wp-json\/wp\/v2\/types\/page"}],"author":[{"embeddable":true,"href":"https:\/\/stb-dao.de\/vi\/wp-json\/wp\/v2\/users\/3"}],"replies":[{"embeddable":true,"href":"https:\/\/stb-dao.de\/vi\/wp-json\/wp\/v2\/comments?post=1219"}],"version-history":[{"count":8,"href":"https:\/\/stb-dao.de\/vi\/wp-json\/wp\/v2\/pages\/1219\/revisions"}],"predecessor-version":[{"id":1319,"href":"https:\/\/stb-dao.de\/vi\/wp-json\/wp\/v2\/pages\/1219\/revisions\/1319"}],"up":[{"embeddable":true,"href":"https:\/\/stb-dao.de\/vi\/wp-json\/wp\/v2\/pages\/135"}],"wp:attachment":[{"href":"https:\/\/stb-dao.de\/vi\/wp-json\/wp\/v2\/media?parent=1219"}],"curies":[{"name":"wp","href":"https:\/\/api.w.org\/{rel}","templated":true}]}}