{"id":1221,"date":"2026-01-28T13:12:58","date_gmt":"2026-01-28T13:12:58","guid":{"rendered":"https:\/\/stb-dao.vinabau.de\/?page_id=1221"},"modified":"2026-03-15T20:18:13","modified_gmt":"2026-03-15T20:18:13","slug":"jahresabschluss","status":"publish","type":"page","link":"https:\/\/stb-dao.de\/vi\/leistungen\/jahresabschluss\/","title":{"rendered":"L\u1eadp B\u00e1o C\u00e1o N\u0103m"},"content":{"rendered":"<div class=\"row\"  id=\"row-1873401645\">\n\n\t<div id=\"col-406215785\" class=\"col small-12 large-12\"  >\n\t\t\t\t<div class=\"col-inner\"  >\n\t\t\t\n\t\t\t\n<h1 class=\"ci1\">L\u1eadp B\u00e1o c\u00e1o t\u00e0i ch\u00ednh n\u0103m cho doanh nghi\u1ec7p<\/h1>\n<p><strong>Tu\u00e2n th\u1ee7 ph\u00e1p l\u00fd \u2013 minh b\u1ea1ch \u2013 cung c\u1ea5p th\u00f4ng tin ch\u00ednh x\u00e1c<\/strong><\/p>\n<p>M\u1ed9t b\u00e1o c\u00e1o t\u00e0i ch\u00ednh n\u0103m \u0111\u01b0\u1ee3c l\u1eadp chuy\u00ean nghi\u1ec7p l\u00e0 n\u1ec1n t\u1ea3ng quan tr\u1ecdng cho c\u00e1c quy\u1ebft \u0111\u1ecbnh kinh doanh chi\u1ebfn l\u01b0\u1ee3c, cho c\u00e1c cu\u1ed9c trao \u0111\u1ed5i v\u1edbi ng\u00e2n h\u00e0ng v\u00e0 \u0111\u1ec3 th\u1ef1c hi\u1ec7n \u0111\u00fang c\u00e1c ngh\u0129a v\u1ee5 thu\u1ebf theo quy \u0111\u1ecbnh ph\u00e1p lu\u1eadt. Nh\u1eefng con s\u1ed1 r\u00f5 r\u00e0ng gi\u00fap t\u1ea1o ni\u1ec1m tin \u2013 c\u1ea3 trong n\u1ed9i b\u1ed9 doanh nghi\u1ec7p l\u1eabn v\u1edbi \u0111\u1ed1i t\u00e1c b\u00ean ngo\u00e0i.<\/p>\n<p class=\"translation-block\"><strong>AD Steuerberatungsgesellschaft mbH<\/strong> s\u1ebd l\u1eadp b\u00e1o c\u00e1o t\u00e0i ch\u00ednh n\u0103m cho doanh nghi\u1ec7p c\u1ee7a b\u1ea1n t\u1ea1i \u0110\u1ee9c m\u1ed9t c\u00e1ch \u0111\u1ea7y \u0111\u1ee7, c\u1ea9n tr\u1ecdng v\u00e0 theo \u0111\u00fang c\u00e1c quy \u0111\u1ecbnh ph\u00e1p lu\u1eadt hi\u1ec7n h\u00e0nh. Ch\u00fang t\u00f4i h\u1ed7 tr\u1ee3 c\u00e1c doanh nghi\u1ec7p trong c\u00e1c l\u0129nh v\u1ef1c nh\u01b0 nh\u00e0 h\u00e0ng \u2013 \u1ea9m th\u1ef1c, l\u00e0m \u0111\u1eb9p &amp; m\u1ef9 ph\u1ea9m, b\u00e1n bu\u00f4n, xu\u1ea5t nh\u1eadp kh\u1ea9u v\u00e0 b\u1ea5t \u0111\u1ed9ng s\u1ea3n, \u0111\u1ed3ng th\u1eddi c\u00f3 kinh nghi\u1ec7m phong ph\u00fa v\u1edbi nhi\u1ec1u m\u00f4 h\u00ecnh v\u00e0 c\u1ea5u tr\u00fac doanh nghi\u1ec7p kh\u00e1c nhau. Ngo\u00e0i ra, ch\u00fang t\u00f4i c\u0169ng h\u1ed7 tr\u1ee3 doanh nghi\u1ec7p thu\u1ed9c nhi\u1ec1u ng\u00e0nh ngh\u1ec1 kh\u00e1c.<\/p>\n<p><strong>D\u1ecbch v\u1ee5 c\u1ee7a ch\u00fang t\u00f4i<\/strong><\/p>\n<p>Ch\u00fang t\u00f4i l\u1eadp b\u00e1o c\u00e1o t\u00e0i ch\u00ednh n\u0103m \u0111\u1ea7y \u0111\u1ee7 cho doanh nghi\u1ec7p, bao g\u1ed3m t\u1ea5t c\u1ea3 c\u00e1c th\u00e0nh ph\u1ea7n v\u00e0 b\u00e1o c\u00e1o c\u1ea7n thi\u1ebft:<\/p>\n<ul>\n<li>B\u1ea3ng c\u00e2n \u0111\u1ed1i k\u1ebf to\u00e1n (Bilanz)<\/li>\n<li>B\u00e1o c\u00e1o k\u1ebft qu\u1ea3 ho\u1ea1t \u0111\u1ed9ng kinh doanh (Gewinn- und Verlustrechnung \u2013 GuV)<\/li>\n<li>Ph\u1ee5 l\u1ee5c b\u00e1o c\u00e1o v\u00e0 c\u00e1c b\u1ea3n thuy\u1ebft minh<br \/>(v\u00ed d\u1ee5: b\u00e1o c\u00e1o t\u00ecnh h\u00ecnh doanh nghi\u1ec7p, b\u00e1o c\u00e1o gi\u1ea3i tr\u00ecnh b\u1ea3ng c\u00e2n \u0111\u1ed1i k\u1ebf to\u00e1n)<\/li>\n<li>B\u1ea3ng c\u00e2n \u0111\u1ed1i k\u1ebf to\u00e1n \u0111\u1eb7c bi\u1ec7t v\u00e0 b\u1ed5 sung<\/li>\n<li>B\u00e1o c\u00e1o thu \u2013 chi (Einnahmen-\u00dcberschuss-Rechnung \u2013 E\u00dcR)<\/li>\n<\/ul>\n<p>T\u1ea5t c\u1ea3 c\u00e1c t\u00e0i li\u1ec7u s\u1ebd \u0111\u01b0\u1ee3c ch\u00fang t\u00f4i chu\u1ea9n b\u1ecb c\u1ea9n th\u1eadn v\u00e0 c\u00f3 h\u1ec7 th\u1ed1ng, t\u1ea1o n\u1ec1n t\u1ea3ng \u0111\u00e1ng tin c\u1eady cho vi\u1ec7c khai b\u00e1o thu\u1ebf, c\u0169ng nh\u01b0 cho c\u00e1c cu\u1ed9c trao \u0111\u1ed5i v\u1edbi ng\u00e2n h\u00e0ng, nh\u00e0 \u0111\u1ea7u t\u01b0 ho\u1eb7c \u0111\u1ed1i t\u00e1c kinh doanh.<\/p>\n<p><strong>T\u1ea1i sao ch\u1ecdn ch\u00fang t\u00f4i ?<\/strong><\/p>\n<p>V\u1edbi t\u01b0 c\u00e1ch l\u00e0 \u0111\u01a1n v\u1ecb t\u01b0 v\u1ea5n thu\u1ebf gi\u00e0u kinh nghi\u1ec7m trong l\u0129nh v\u1ef1c l\u1eadp b\u00e1o c\u00e1o t\u00e0i ch\u00ednh n\u0103m t\u1ea1i \u0110\u1ee9c, ch\u00fang t\u00f4i kh\u00f4ng ch\u1ec9 ch\u00fa tr\u1ecdng t\u00ednh ch\u00ednh x\u00e1c v\u1ec1 m\u1eb7t ph\u00e1p l\u00fd, m\u00e0 c\u00f2n ph\u00e2n t\u00edch c\u00e1c y\u1ebfu t\u1ed1 kinh t\u1ebf \u2013 qu\u1ea3n tr\u1ecb doanh nghi\u1ec7p. Nh\u1edd \u0111\u00f3, b\u1ea1n kh\u00f4ng ch\u1ec9 nh\u1eadn \u0111\u01b0\u1ee3c c\u00e1c con s\u1ed1, m\u00e0 c\u00f2n c\u00f3 nh\u1eefng g\u00f3c nh\u00ecn gi\u00e1 tr\u1ecb v\u1ec1 s\u1ef1 ph\u00e1t tri\u1ec3n c\u1ee7a doanh nghi\u1ec7p m\u00ecnh.<\/p>\n<p class=\"translation-block\">Th\u00f4ng qua <strong>d\u1ecbch v\u1ee5 t\u01b0 v\u1ea5n song ng\u1eef \u0110\u1ee9c \u2013 Vi\u1ec7t <\/strong> , ch\u00fang t\u00f4i \u0111\u1ea3m b\u1ea3o r\u1eb1ng ngay c\u1ea3 nh\u1eefng v\u1ea5n \u0111\u1ec1 thu\u1ebf ph\u1ee9c t\u1ea1p c\u0169ng \u0111\u01b0\u1ee3c gi\u1ea3i th\u00edch r\u00f5 r\u00e0ng, gi\u00fap b\u1ea1n lu\u00f4n n\u1eafm \u0111\u01b0\u1ee3c t\u1ed5ng quan v\u1ec1 t\u00ecnh h\u00ecnh t\u00e0i ch\u00ednh c\u1ee7a doanh nghi\u1ec7p.<\/p>\n<a href=\"\/vi\/kontakt\/\" target=\"_self\" class=\"button primary\"  style=\"border-radius:99px;\">\n    <span>\u0110\u1eb7t L\u1ecbch h\u1eb9n ngay h\u00f4m nay<\/span>\n  <\/a>\n\n\t\t<\/div>\n\t\t\t\t\t<\/div>\n\n\t\n<\/div>","protected":false},"excerpt":{"rendered":"","protected":false},"author":3,"featured_media":0,"parent":135,"menu_order":0,"comment_status":"closed","ping_status":"closed","template":"","meta":{"footnotes":""},"class_list":["post-1221","page","type-page","status-publish","hentry"],"_links":{"self":[{"href":"https:\/\/stb-dao.de\/vi\/wp-json\/wp\/v2\/pages\/1221","targetHints":{"allow":["GET"]}}],"collection":[{"href":"https:\/\/stb-dao.de\/vi\/wp-json\/wp\/v2\/pages"}],"about":[{"href":"https:\/\/stb-dao.de\/vi\/wp-json\/wp\/v2\/types\/page"}],"author":[{"embeddable":true,"href":"https:\/\/stb-dao.de\/vi\/wp-json\/wp\/v2\/users\/3"}],"replies":[{"embeddable":true,"href":"https:\/\/stb-dao.de\/vi\/wp-json\/wp\/v2\/comments?post=1221"}],"version-history":[{"count":4,"href":"https:\/\/stb-dao.de\/vi\/wp-json\/wp\/v2\/pages\/1221\/revisions"}],"predecessor-version":[{"id":1320,"href":"https:\/\/stb-dao.de\/vi\/wp-json\/wp\/v2\/pages\/1221\/revisions\/1320"}],"up":[{"embeddable":true,"href":"https:\/\/stb-dao.de\/vi\/wp-json\/wp\/v2\/pages\/135"}],"wp:attachment":[{"href":"https:\/\/stb-dao.de\/vi\/wp-json\/wp\/v2\/media?parent=1221"}],"curies":[{"name":"wp","href":"https:\/\/api.w.org\/{rel}","templated":true}]}}