{"id":1223,"date":"2026-01-28T13:13:19","date_gmt":"2026-01-28T13:13:19","guid":{"rendered":"https:\/\/stb-dao.vinabau.de\/?page_id=1223"},"modified":"2026-03-15T20:19:52","modified_gmt":"2026-03-15T20:19:52","slug":"steuererklaerung","status":"publish","type":"page","link":"https:\/\/stb-dao.de\/vi\/leistungen\/steuererklaerung\/","title":{"rendered":"K\u00ea Khai Thu\u1ebf Doanh Nghi\u1ec7p"},"content":{"rendered":"<div class=\"row\"  id=\"row-420783873\">\n\n\t<div id=\"col-981977464\" class=\"col small-12 large-12\"  >\n\t\t\t\t<div class=\"col-inner\"  >\n\t\t\t\n\t\t\t\n<h1 class=\"ci1\">K\u00ea khai thu\u1ebf<\/h1>\n<p><strong>An to\u00e0n, \u0111\u1ea7y \u0111\u1ee7 v\u00e0 \u0111\u00fang h\u1ea1n<\/strong><\/p>\n<p>K\u00ea khai thu\u1ebf l\u00e0 m\u1ed9t ph\u1ea7n trung t\u00e2m trong ngh\u0129a v\u1ee5 t\u00e0i ch\u00ednh v\u00e0 kinh doanh c\u1ee7a doanh nghi\u1ec7p. Sai s\u00f3t hay ch\u1eadm tr\u1ec5 c\u00f3 th\u1ec3 d\u1eabn \u0111\u1ebfn ph\u1ea3i n\u1ed9p th\u00eam thu\u1ebf ho\u1eb7c g\u1eb7p b\u1ea5t l\u1ee3i ph\u00e1p l\u00fd. V\u1edbi s\u1ef1 \u0111\u1ed3ng h\u00e0nh chuy\u00ean nghi\u1ec7p, b\u1ea1n s\u1ebd \u0111\u1ea3m b\u1ea3o r\u1eb1ng m\u1ecdi th\u00f4ng tin k\u00ea khai \u0111\u1ec1u ch\u00ednh x\u00e1c, \u0111\u1ea7y \u0111\u1ee7 v\u00e0 tu\u00e2n th\u1ee7 ph\u00e1p lu\u1eadt.<\/p>\n<p class=\"translation-block\">AD Steuerberatungsgesellschaft mbH th\u1ef1c hi\u1ec7n k\u00ea khai thu\u1ebf t\u1ea1i \u0110\u1ee9c m\u1ed9t c\u00e1ch \u0111\u00e1ng tin c\u1eady v\u00e0 \u0111\u00fang h\u1ea1n. Ch\u00fang t\u00f4i h\u1ed7 tr\u1ee3 doanh nghi\u1ec7p trong nhi\u1ec1u l\u0129nh v\u1ef1c nh\u01b0 nh\u00e0 h\u00e0ng \u2013 \u1ea9m th\u1ef1c, l\u00e0m \u0111\u1eb9p &amp; m\u1ef9 ph\u1ea9m, b\u00e1n bu\u00f4n, xu\u1ea5t nh\u1eadp kh\u1ea9u, b\u1ea5t \u0111\u1ed9ng s\u1ea3n, v\u00e0 t\u1ea5t nhi\u00ean c\u00f2n nhi\u1ec1u ng\u00e0nh ngh\u1ec1 kh\u00e1c.<\/p>\n<p><strong>D\u1ecbch v\u1ee5 k\u00ea khai thu\u1ebf doanh nghi\u1ec7p<\/strong><\/p>\n<p>Ch\u00fang t\u00f4i \u0111\u1ea3m nh\u1eadn to\u00e0n b\u1ed9 vi\u1ec7c l\u1eadp c\u00e1c t\u1edd khai thu\u1ebf quan tr\u1ecdng cho doanh nghi\u1ec7p c\u1ee7a b\u1ea1n, bao g\u1ed3m:<\/p>\n<ul>\n<li>K\u00ea khai thu\u1ebf thu nh\u1eadp doanh nghi\u1ec7p (K\u00f6rperschaftsteuer)<\/li>\n<li>K\u00ea khai thu\u1ebf th\u01b0\u01a1ng m\u1ea1i (Gewerbesteuer)<\/li>\n<li>K\u00ea khai thu\u1ebf gi\u00e1 tr\u1ecb gia t\u0103ng (Umsatzsteuer)<\/li>\n<li>K\u00ea khai gi\u00e1 tr\u1ecb t\u00e0i s\u1ea3n th\u1ed1ng nh\u1ea5t (Einheitswert)<\/li>\n<\/ul>\n<p>Ch\u00fang t\u00f4i kh\u00f4ng ch\u1ec9 \u0111\u1ea3m b\u1ea3o k\u00ea khai ch\u00ednh x\u00e1c, m\u00e0 c\u00f2n t\u1ed1i \u01b0u h\u00f3a thu\u1ebf trong ph\u1ea1m vi ph\u00e1p lu\u1eadt cho ph\u00e9p.<\/p>\n<p><strong>T\u1ea1i sao ch\u1ecdn ch\u00fang t\u00f4i ?<\/strong><\/p>\n<p>V\u1edbi vai tr\u00f2 l\u00e0 c\u1ed1 v\u1ea5n thu\u1ebf chuy\u00ean nghi\u1ec7p cho k\u00ea khai thu\u1ebf doanh nghi\u1ec7p t\u1ea1i \u0110\u1ee9c, ch\u00fang t\u00f4i \u0111\u1ea1i di\u1ec7n b\u1ea3o v\u1ec7 quy\u1ec1n l\u1ee3i c\u1ee7a b\u1ea1n tr\u01b0\u1edbc c\u01a1 quan thu\u1ebf, gi\u1eef \u0111\u00fang h\u1ea1n c\u00e1c h\u1ed3 s\u01a1, gi\u1ea3m thi\u1ec3u r\u1ee7i ro v\u00e0 \u0111\u1ea3m b\u1ea3o quy tr\u00ecnh minh b\u1ea1ch.<\/p>\n<p>Nh\u1edd d\u1ecbch v\u1ee5 song ng\u1eef \u0110\u1ee9c \u2013 Vi\u1ec7t, ngay c\u1ea3 c\u00e1c v\u1ea5n \u0111\u1ec1 thu\u1ebf ph\u1ee9c t\u1ea1p c\u0169ng \u0111\u01b0\u1ee3c gi\u1ea3i th\u00edch d\u1ec5 hi\u1ec3u, gi\u00fap b\u1ea1n lu\u00f4n n\u1eafm r\u00f5 t\u00ecnh h\u00ecnh thu\u1ebf c\u1ee7a doanh nghi\u1ec7p.<\/p>\n<a href=\"\/vi\/kontakt\/\" target=\"_self\" class=\"button primary\"  style=\"border-radius:99px;\">\n    <span>\u0110\u1eb7t L\u1ecbch h\u1eb9n ngay h\u00f4m nay<\/span>\n  <\/a>\n\n\t\t<\/div>\n\t\t\t\t\t<\/div>\n\n\t\n<\/div>","protected":false},"excerpt":{"rendered":"","protected":false},"author":3,"featured_media":0,"parent":135,"menu_order":0,"comment_status":"closed","ping_status":"closed","template":"","meta":{"footnotes":""},"class_list":["post-1223","page","type-page","status-publish","hentry"],"_links":{"self":[{"href":"https:\/\/stb-dao.de\/vi\/wp-json\/wp\/v2\/pages\/1223","targetHints":{"allow":["GET"]}}],"collection":[{"href":"https:\/\/stb-dao.de\/vi\/wp-json\/wp\/v2\/pages"}],"about":[{"href":"https:\/\/stb-dao.de\/vi\/wp-json\/wp\/v2\/types\/page"}],"author":[{"embeddable":true,"href":"https:\/\/stb-dao.de\/vi\/wp-json\/wp\/v2\/users\/3"}],"replies":[{"embeddable":true,"href":"https:\/\/stb-dao.de\/vi\/wp-json\/wp\/v2\/comments?post=1223"}],"version-history":[{"count":4,"href":"https:\/\/stb-dao.de\/vi\/wp-json\/wp\/v2\/pages\/1223\/revisions"}],"predecessor-version":[{"id":1322,"href":"https:\/\/stb-dao.de\/vi\/wp-json\/wp\/v2\/pages\/1223\/revisions\/1322"}],"up":[{"embeddable":true,"href":"https:\/\/stb-dao.de\/vi\/wp-json\/wp\/v2\/pages\/135"}],"wp:attachment":[{"href":"https:\/\/stb-dao.de\/vi\/wp-json\/wp\/v2\/media?parent=1223"}],"curies":[{"name":"wp","href":"https:\/\/api.w.org\/{rel}","templated":true}]}}