{"id":1251,"date":"2026-01-28T21:35:04","date_gmt":"2026-01-28T21:35:04","guid":{"rendered":"https:\/\/stb-dao.vinabau.de\/?page_id=1251"},"modified":"2026-03-15T20:50:32","modified_gmt":"2026-03-15T20:50:32","slug":"datev-unternehmen-online","status":"publish","type":"page","link":"https:\/\/stb-dao.de\/vi\/mandanten\/datev-unternehmen-online\/","title":{"rendered":"DATEV Unternehmen Online"},"content":{"rendered":"<h3 class=\"ci1 translation-block\">DATEV Unternehmen online \u2013 Khai b\u00e1o thu\u1ebf online qua DATEV - C\u1ea7u n\u1ed1i s\u1ed1 gi\u1eefa doanh nghi\u1ec7p v\u00e0 v\u0103n ph\u00f2ng thu\u1ebf<\/h3>\n<p>V\u1edbi DATEV Unternehmen online, vi\u1ec7c k\u1ebf to\u00e1n t\u00e0i ch\u00ednh v\u00e0 t\u00ednh l\u01b0\u01a1ng c\u1ee7a doanh nghi\u1ec7p \u0111\u01b0\u1ee3c th\u1ef1c hi\u1ec7n hi\u1ec7n \u0111\u1ea1i, an to\u00e0n v\u00e0 ho\u00e0n to\u00e0n tr\u00ean n\u1ec1n t\u1ea3ng s\u1ed1. Ch\u1ee9ng t\u1eeb v\u00e0 d\u1eef li\u1ec7u \u0111\u01b0\u1ee3c nh\u1eadp tr\u1ef1c tuy\u1ebfn v\u00e0 trao \u0111\u1ed5i tr\u1ef1c ti\u1ebfp v\u1edbi v\u0103n ph\u00f2ng c\u1ee7a ch\u00fang t\u00f4i. Nh\u1edd \u0111\u00f3, hai b\u00ean lu\u00f4n l\u00e0m vi\u1ec7c tr\u00ean c\u00f9ng m\u1ed9t h\u1ec7 th\u1ed1ng d\u1eef li\u1ec7u c\u1eadp nh\u1eadt theo th\u1eddi gian th\u1ef1c, kh\u00f4ng ph\u1ee5 thu\u1ed9c \u0111\u1ecba \u0111i\u1ec3m v\u00e0 trao \u0111\u1ed5i nhanh ch\u00f3ng.<\/p>\n<p>Th\u00f4ng qua \u1ee9ng d\u1ee5ng DATEV gi\u00fap t\u1ed1i \u01b0u h\u00f3a quy tr\u00ecnh l\u00e0m vi\u1ec7c gi\u1eefa doanh nghi\u1ec7p v\u00e0 v\u0103n ph\u00f2ng Thu\u1ebf, mang l\u1ea1i h\u1ec7 th\u1ed1ng k\u1ebf to\u00e1n minh b\u1ea1ch, hi\u1ec7u qu\u1ea3 v\u00e0 gi\u1ea3m thi\u1ec3u v\u0103n b\u1ea3n gi\u1ea5y.<\/p>\n<p><strong>L\u1ee3i \u00edch d\u00e0nh cho doanh nghi\u1ec7p<\/strong><\/p>\n<ul>\n<li>Trao \u0111\u1ed5i d\u1eef li\u1ec7u nhanh ch\u00f3ng v\u00e0 an to\u00e0n: \nCh\u1ee9ng t\u1eeb v\u00e0 d\u1eef li\u1ec7u \u0111\u01b0\u1ee3c truy\u1ec1n t\u1ea3i gi\u1eefa doanh nghi\u1ec7p v\u00e0 v\u0103n ph\u00f2ng thu\u1ebf theo ti\u00eau chu\u1ea9n b\u1ea3o m\u1eadt cao nh\u1ea5t.<\/li>\n<li>Truy c\u1eadp m\u1ecdi l\u00fac, m\u1ecdi n\u01a1i: B\u1ea1n c\u00f3 th\u1ec3 truy c\u1eadp ch\u1ee9ng t\u1eeb v\u00e0 c\u00e1c b\u00e1o c\u00e1o t\u00e0i ch\u00ednh c\u1ee7a doanh nghi\u1ec7p 24\/7, t\u1eeb b\u1ea5t k\u1ef3 \u0111\u00e2u.<\/span><\/li>\n<li>Quy tr\u00ecnh kh\u00f4ng gi\u1ea5y t\u1edd: Vi\u1ec7c s\u1ed1 h\u00f3a ho\u00e0n to\u00e0n gi\u00fap ti\u1ebft ki\u1ec7m th\u1eddi gian, kh\u00f4ng gian l\u01b0u tr\u1eef v\u00e0 ngu\u1ed3n l\u1ef1c.<\/span><\/li>\n<li>H\u1ee3p t\u00e1c hi\u1ec7u qu\u1ea3: Nh\u1edd s\u1eed d\u1ee5ng ngu\u1ed3n d\u1eef li\u1ec7u \u0111\u1ed3ng b\u1ed9, c\u00e1c quy tr\u00ecnh k\u1ebf to\u00e1n v\u00e0 l\u1eadp b\u00e1o c\u00e1o t\u00e0i ch\u00ednh n\u0103m \u0111\u01b0\u1ee3c th\u1ef1c hi\u1ec7n nhanh ch\u00f3ng v\u00e0 ch\u00ednh x\u00e1c h\u01a1n.<\/span><\/li>\n<\/ul>\n<p><strong>Qu\u1ea3n l\u00fd ch\u1ee9ng t\u1eeb \u0111i\u1ec7n t\u1eed<\/strong><\/p>\n<ul>\n<li>Kh\u00f4ng c\u00f2n ph\u1ea3i s\u1eafp x\u1ebfp v\u00e0 g\u1eedi h\u1ed3 s\u01a1 gi\u1ea5y. B\u1ea1n ch\u1ec9 c\u1ea7n qu\u00e9t (scan) ho\u1eb7c t\u1ea3i ch\u1ee9ng t\u1eeb l\u00ean h\u1ec7 th\u1ed1ng.<\/li>\n<li>Ti\u1ebft ki\u1ec7m th\u1eddi gian: H\u00f3a \u0111\u01a1n v\u00e0 t\u00e0i li\u1ec7u s\u1ebd ngay l\u1eadp t\u1ee9c c\u00f3 s\u1eb5n cho c\u1ea3 doanh nghi\u1ec7p v\u00e0 v\u0103n ph\u00f2ng thu\u1ebf.<\/span><\/li>\n<li class=\"translation-block\">Qu\u1ea3n l\u00fd r\u00f5 r\u00e0ng, d\u1ec5 truy xu\u1ea5t: T\u1ea5t c\u1ea3 ch\u1ee9ng t\u1eeb \u0111\u01b0\u1ee3c l\u01b0u tr\u1eef an to\u00e0n t\u1ea1i trung t\u00e2m d\u1eef li\u1ec7u DATEV v\u00e0 c\u00f3 th\u1ec3 t\u00ecm ki\u1ebfm nhanh ch\u00f3ng b\u1ea5t c\u1ee9 l\u00fac n\u00e0o.<\/span><\/li>\n<\/ul>\n<p><strong>Theo d\u00f5i t\u00ecnh h\u00ecnh t\u00e0i ch\u00ednh doanh nghi\u1ec7p minh b\u1ea1ch<\/strong><\/p>\n<p>V\u1edbi DATEV Unternehmen online, b\u1ea1n lu\u00f4n n\u1eafm r\u00f5 t\u00ecnh h\u00ecnh t\u00e0i ch\u00ednh c\u1ee7a doanh nghi\u1ec7p th\u00f4ng qua c\u00e1c b\u00e1o c\u00e1o quan tr\u1ecdng nh\u01b0:<\/p>\n<ul>\n<li>B\u00e1o c\u00e1o ph\u00e2n t\u00edch ho\u1ea1t \u0111\u1ed9ng kinh doanh (BWA): \nCung c\u1ea5p c\u00e1c ch\u1ec9 s\u1ed1 t\u00e0i ch\u00ednh c\u1eadp nh\u1eadt v\u1ec1 hi\u1ec7u qu\u1ea3 kinh doanh.<\/li>\n<li>Danh s\u00e1ch c\u00f4ng n\u1ee3 (OPOS): T\u1ed5ng quan v\u1ec1 c\u00e1c kho\u1ea3n ph\u1ea3i thu v\u00e0 ph\u1ea3i tr\u1ea3.<\/li>\n<li>B\u00e1o c\u00e1o d\u00f2ng ti\u1ec1n: Gi\u00fap b\u1ea1n ki\u1ec3m so\u00e1t kh\u1ea3 n\u0103ng thanh to\u00e1n c\u1ee7a doanh nghi\u1ec7p.<\/li>\n<li>B\u00e1o c\u00e1o t\u00e0i ch\u00ednh: Cung c\u1ea5p c\u01a1 s\u1edf d\u1eef li\u1ec7u \u0111\u00e1ng tin c\u1eady cho c\u00e1c quy\u1ebft \u0111\u1ecbnh chi\u1ebfn l\u01b0\u1ee3c.<\/li>\n<\/ul>\n<p><strong>T\u01b0 v\u1ea5n v\u00e0 h\u01b0\u1edbng d\u1eabn \u0111\u0103ng k\u00fd<\/strong><\/p>\n<p>Ch\u00fang t\u00f4i lu\u00f4n \u0111\u1ed3ng h\u00e0nh c\u00f9ng b\u1ea1n trong qu\u00e1 tr\u00ecnh s\u1ed1 h\u00f3a k\u1ebf to\u00e1n. V\u0103n ph\u00f2ng c\u1ee7a ch\u00fang t\u00f4i h\u1ed7 tr\u1ee3 to\u00e0n di\u1ec7n trong:<\/p>\n<ul>\n<li>Thi\u1ebft l\u1eadp h\u1ec7 th\u1ed1ng v\u00e0 quy\u1ec1n truy c\u1eadp an to\u00e0n<\/li>\n<li>T\u1ed5 ch\u1ee9c v\u00e0 qu\u1ea3n l\u00fd ch\u1ee9ng t\u1eeb \u0111i\u1ec7n t\u1eed<\/li>\n<li>H\u01b0\u1edbng d\u1eabn s\u1eed d\u1ee5ng c\u00e1c ch\u1ee9c n\u0103ng c\u1ee7a n\u1ec1n t\u1ea3ng<\/li>\n<li>T\u00edch h\u1ee3p v\u00e0o quy tr\u00ecnh l\u00e0m vi\u1ec7c hi\u1ec7n c\u00f3 c\u1ee7a doanh nghi\u1ec7p<\/li>\n<li>M\u1ee5c ti\u00eau c\u1ee7a ch\u00fang t\u00f4i: Gi\u00fap h\u1ec7 th\u1ed1ng k\u1ebf to\u00e1n c\u1ee7a b\u1ea1n \u0111\u01a1n gi\u1ea3n h\u01a1n, hi\u1ec7u qu\u1ea3 h\u01a1n v\u00e0 minh b\u1ea1ch h\u01a1n.<\/li>\n<\/ul>\n<p>B\u1ea1n \u0111\u00e3 s\u1eb5n s\u00e0ng qu\u1ea3n l\u00fd k\u1ebf to\u00e1n t\u00e0i ch\u00ednh doanh nghi\u1ec7p b\u1eb1ng k\u1ebf to\u00e1n s\u1ed1 ch\u01b0a ? H\u00e3y li\u00ean h\u1ec7 v\u1edbi ch\u00fang t\u00f4i ngay h\u00f4m nay.<\/p>\n<a href=\"\/vi\/kontakt\/\" target=\"_self\" class=\"button primary\"  style=\"border-radius:99px;\">\n    <span>\u0110\u1eb7t L\u1ecbch h\u1eb9n ngay h\u00f4m nay<\/span>\n  <\/a>","protected":false},"excerpt":{"rendered":"<p>DATEV Unternehmen online: Die digitale Br\u00fccke zwischen Unternehmen und KanzleiEffiziente Zusammenarbeit durch Digitalisierung Mit DATEV Unternehmen online gestalten Sie Ihre Finanzbuchf\u00fchrung und Lohnabrechnung modern, sicher und vollkommen digital. Belege und Daten werden einfach online erfasst und direkt mit unserer Kanzlei ausgetauscht. So arbeiten wir gemeinsam auf Basis identischer, tagesaktueller Informationen \u2013 ortsunabh\u00e4ngig und zeitnah. Diese [&#8230;]\n","protected":false},"author":3,"featured_media":0,"parent":1115,"menu_order":0,"comment_status":"closed","ping_status":"closed","template":"","meta":{"footnotes":""},"class_list":["post-1251","page","type-page","status-publish","hentry"],"_links":{"self":[{"href":"https:\/\/stb-dao.de\/vi\/wp-json\/wp\/v2\/pages\/1251","targetHints":{"allow":["GET"]}}],"collection":[{"href":"https:\/\/stb-dao.de\/vi\/wp-json\/wp\/v2\/pages"}],"about":[{"href":"https:\/\/stb-dao.de\/vi\/wp-json\/wp\/v2\/types\/page"}],"author":[{"embeddable":true,"href":"https:\/\/stb-dao.de\/vi\/wp-json\/wp\/v2\/users\/3"}],"replies":[{"embeddable":true,"href":"https:\/\/stb-dao.de\/vi\/wp-json\/wp\/v2\/comments?post=1251"}],"version-history":[{"count":3,"href":"https:\/\/stb-dao.de\/vi\/wp-json\/wp\/v2\/pages\/1251\/revisions"}],"predecessor-version":[{"id":1327,"href":"https:\/\/stb-dao.de\/vi\/wp-json\/wp\/v2\/pages\/1251\/revisions\/1327"}],"up":[{"embeddable":true,"href":"https:\/\/stb-dao.de\/vi\/wp-json\/wp\/v2\/pages\/1115"}],"wp:attachment":[{"href":"https:\/\/stb-dao.de\/vi\/wp-json\/wp\/v2\/media?parent=1251"}],"curies":[{"name":"wp","href":"https:\/\/api.w.org\/{rel}","templated":true}]}}