{"id":1254,"date":"2026-01-28T21:37:02","date_gmt":"2026-01-28T21:37:02","guid":{"rendered":"https:\/\/stb-dao.vinabau.de\/?page_id=1254"},"modified":"2026-03-15T20:19:18","modified_gmt":"2026-03-15T20:19:18","slug":"steuerberatung","status":"publish","type":"page","link":"https:\/\/stb-dao.de\/vi\/leistungen\/steuerberatung\/","title":{"rendered":"T\u01b0 V\u1ea5n Thu\u1ebf"},"content":{"rendered":"<div class=\"row\"  id=\"row-496850175\">\n\n\t<div id=\"col-1112102945\" class=\"col small-12 large-12\"  >\n\t\t\t\t<div class=\"col-inner\"  >\n\t\t\t\n\t\t\t\n<h1 class=\"ci1\">Ki\u1ec3m tra thu\u1ebf &amp; C\u01a1 c\u1ea5u doanh nghi\u1ec7p<\/h1>\n<p><strong>An t\u00e2m trong ki\u1ec3m tra \u2013 V\u1eefng v\u00e0ng v\u1ec1 chi\u1ebfn l\u01b0\u1ee3c<\/strong><\/p>\n<p>C\u00e1c doanh nghi\u1ec7p t\u1ea1i \u0110\u1ee9c th\u01b0\u1eddng ph\u1ea3i \u0111\u1ed1i m\u1eb7t v\u1edbi ki\u1ec3m tra thu\u1ebf \u0111\u1ecbnh k\u1ef3 v\u00e0 nh\u1eefng quy\u1ebft \u0111\u1ecbnh quan tr\u1ecdng v\u1ec1 c\u01a1 c\u1ea5u doanh nghi\u1ec7p. D\u00f9 l\u00e0 ki\u1ec3m tra thu\u1ebf doanh nghi\u1ec7p hay l\u1ef1a ch\u1ecdn lo\u1ea1i h\u00ecnh ph\u00e1p l\u00fd ph\u00f9 h\u1ee3p, s\u1ef1 \u0111\u1ed3ng h\u00e0nh chuy\u00ean nghi\u1ec7p s\u1ebd gi\u00fap doanh nghi\u1ec7p an to\u00e0n ph\u00e1p l\u00fd, minh b\u1ea1ch v\u00e0 t\u1eadn d\u1ee5ng l\u1ee3i th\u1ebf l\u00e2u d\u00e0i.<\/p>\n<p class=\"translation-block\">AD Steuerberatungsgesellschaft mbH h\u1ed7 tr\u1ee3 doanh nghi\u1ec7p m\u1ed9t c\u00e1ch chuy\u00ean nghi\u1ec7p v\u00e0 hi\u1ec7u qu\u1ea3 trong c\u00e1c cu\u1ed9c ki\u1ec3m tra thu\u1ebf c\u0169ng nh\u01b0 x\u00e2y d\u1ef1ng chi\u1ebfn l\u01b0\u1ee3c c\u01a1 c\u1ea5u doanh nghi\u1ec7p. Ch\u00fang t\u00f4i ph\u1ee5c v\u1ee5 kh\u00e1ch h\u00e0ng trong nhi\u1ec1u l\u0129nh v\u1ef1c nh\u01b0 nh\u00e0 h\u00e0ng \u2013 \u1ea9m th\u1ef1c, l\u00e0m \u0111\u1eb9p &amp; m\u1ef9 ph\u1ea9m, b\u00e1n bu\u00f4n, xu\u1ea5t nh\u1eadp kh\u1ea9u v\u00e0 b\u1ea5t \u0111\u1ed9ng s\u1ea3n, v\u1edbi kinh nghi\u1ec7m th\u1ef1c ti\u1ec5n t\u1eeb nhi\u1ec1u m\u00f4 h\u00ecnh kinh doanh kh\u00e1c nhau. Ngo\u00e0i ra, ch\u00fang t\u00f4i c\u00f2n \u0111\u1ed3ng h\u00e0nh c\u00f9ng doanh nghi\u1ec7p \u1edf nhi\u1ec1u ng\u00e0nh ngh\u1ec1 kh\u00e1c.<\/p>\n<p><strong>\u0110\u1ed3ng h\u00e0nh trong su\u1ed1t qu\u00e1 tr\u00ecnh ki\u1ec3m tra thu\u1ebf<\/strong><\/p>\n<p>Ch\u00fang t\u00f4i t\u01b0 v\u1ea5n v\u00e0 \u0111\u1ea1i di\u1ec7n doanh nghi\u1ec7p trong m\u1ecdi lo\u1ea1i h\u00ecnh ki\u1ec3m tra, \u0111\u1ed3ng h\u00e0nh xuy\u00ean su\u1ed1t to\u00e0n b\u1ed9 quy tr\u00ecnh, bao g\u1ed3m:<\/p>\n<ul>\n<li>Ki\u1ec3m tra thu\u1ebf doanh nghi\u1ec7p<\/li>\n<li>Ki\u1ec3m tra thu\u1ebf ti\u1ec1n l\u01b0\u01a1ng<\/li>\n<li>Ki\u1ec3m tra b\u1ea3o hi\u1ec3m x\u00e3 h\u1ed9i<\/li>\n<li>Ki\u1ec3m tra \u0111\u1eb7c bi\u1ec7t v\u1ec1 thu\u1ebf gi\u00e1 tr\u1ecb gia t\u0103ng<\/li>\n<\/ul>\n<p>Ch\u00fang t\u00f4i thay m\u1eb7t b\u1ea1n l\u00e0m vi\u1ec7c v\u1edbi c\u01a1 quan ch\u1ee9c n\u0103ng, chu\u1ea9n b\u1ecb h\u1ed3 s\u01a1 chuy\u00ean nghi\u1ec7p v\u00e0 b\u1ea3o v\u1ec7 quy\u1ec1n l\u1ee3i c\u1ee7a doanh nghi\u1ec7p tr\u01b0\u1edbc c\u01a1 quan thu\u1ebf v\u00e0 c\u00e1c t\u1ed5 ch\u1ee9c li\u00ean quan.<\/p>\n<p><strong>L\u1ef1a ch\u1ecdn lo\u1ea1i h\u00ecnh ph\u00e1p l\u00fd &amp; t\u00e1i c\u1ea5u tr\u00fac doanh nghi\u1ec7p<\/strong><\/p>\n<p>C\u1ea5u tr\u00fac doanh nghi\u1ec7p ph\u00f9 h\u1ee3p \u1ea3nh h\u01b0\u1edfng l\u1edbn \u0111\u1ebfn tr\u00e1ch nhi\u1ec7m ph\u00e1p l\u00fd, ngh\u0129a v\u1ee5 thu\u1ebf v\u00e0 kh\u1ea3 n\u0103ng ph\u00e1t tri\u1ec3n l\u00e2u d\u00e0i. Ch\u00fang t\u00f4i t\u01b0 v\u1ea5n to\u00e0n di\u1ec7n v\u1ec1:<\/p>\n<ul>\n<li>L\u1ef1a ch\u1ecdn lo\u1ea1i h\u00ecnh ph\u00e1p l\u00fd t\u1ed1i \u01b0u<\/li>\n<li>Th\u00e0nh l\u1eadp c\u00f4ng ty v\u1ed1n (GmbH, UG, AG)<\/li>\n<li>Thay \u0111\u1ed5i lo\u1ea1i h\u00ecnh ph\u00e1p l\u00fd<\/li>\n<li>Chuy\u1ec3n \u0111\u1ed5i v\u00e0 t\u00e1i c\u1ea5u tr\u00fac doanh nghi\u1ec7p<\/li>\n<\/ul>\n<p>Ch\u00fang t\u00f4i k\u1ebft h\u1ee3p y\u1ebfu t\u1ed1 thu\u1ebf, ph\u00e1p l\u00fd v\u00e0 qu\u1ea3n tr\u1ecb kinh doanh \u0111\u1ec3 \u0111\u01b0a ra gi\u1ea3i ph\u00e1p t\u1ed5ng th\u1ec3 b\u1ec1n v\u1eefng.<\/p>\n<p><strong>T\u1ea1i sao ch\u1ecdn ch\u00fang t\u00f4i ?<\/strong><\/p>\n<p>V\u1edbi kinh nghi\u1ec7m l\u00e2u n\u0103m trong t\u01b0 v\u1ea5n thu\u1ebf t\u1ea1i \u0110\u1ee9c, ch\u00fang t\u00f4i kh\u00f4ng ch\u1ec9 h\u1ed7 tr\u1ee3 v\u1ec1 m\u1eb7t chuy\u00ean m\u00f4n, m\u00e0 c\u00f2n \u0111\u1ed3ng h\u00e0nh chi\u1ebfn l\u01b0\u1ee3c c\u00f9ng doanh nghi\u1ec7p. Ch\u00fang t\u00f4i lu\u00f4n h\u01b0\u1edbng t\u1edbi gi\u1ea3i ph\u00e1p d\u00e0i h\u1ea1n, gi\u1ea3m r\u1ee7i ro v\u00e0 x\u00e2y d\u1ef1ng n\u1ec1n t\u1ea3ng v\u1eefng ch\u1eafc cho s\u1ef1 ph\u00e1t tri\u1ec3n.<\/p>\n<p>V\u1edbi d\u1ecbch v\u1ee5 t\u01b0 v\u1ea5n song ng\u1eef \u0110\u1ee9c \u2013 Vi\u1ec7t, ngay c\u1ea3 nh\u1eefng v\u1ea5n \u0111\u1ec1 ph\u1ee9c t\u1ea1p c\u0169ng \u0111\u01b0\u1ee3c gi\u1ea3i th\u00edch d\u1ec5 hi\u1ec3u, gi\u00fap b\u1ea1n lu\u00f4n \u0111\u01b0a ra quy\u1ebft \u0111\u1ecbnh ch\u00ednh x\u00e1c v\u00e0 c\u00f3 c\u01a1 s\u1edf.<\/p>\n<a href=\"\/vi\/kontakt\/\" target=\"_self\" class=\"button primary\"  style=\"border-radius:99px;\">\n    <span>\u0110\u1eb7t L\u1ecbch h\u1eb9n ngay h\u00f4m nay<\/span>\n  <\/a>\n\n\t\t<\/div>\n\t\t\t\t\t<\/div>\n\n\t\n<\/div>","protected":false},"excerpt":{"rendered":"","protected":false},"author":3,"featured_media":0,"parent":135,"menu_order":0,"comment_status":"closed","ping_status":"closed","template":"","meta":{"footnotes":""},"class_list":["post-1254","page","type-page","status-publish","hentry"],"_links":{"self":[{"href":"https:\/\/stb-dao.de\/vi\/wp-json\/wp\/v2\/pages\/1254","targetHints":{"allow":["GET"]}}],"collection":[{"href":"https:\/\/stb-dao.de\/vi\/wp-json\/wp\/v2\/pages"}],"about":[{"href":"https:\/\/stb-dao.de\/vi\/wp-json\/wp\/v2\/types\/page"}],"author":[{"embeddable":true,"href":"https:\/\/stb-dao.de\/vi\/wp-json\/wp\/v2\/users\/3"}],"replies":[{"embeddable":true,"href":"https:\/\/stb-dao.de\/vi\/wp-json\/wp\/v2\/comments?post=1254"}],"version-history":[{"count":3,"href":"https:\/\/stb-dao.de\/vi\/wp-json\/wp\/v2\/pages\/1254\/revisions"}],"predecessor-version":[{"id":1321,"href":"https:\/\/stb-dao.de\/vi\/wp-json\/wp\/v2\/pages\/1254\/revisions\/1321"}],"up":[{"embeddable":true,"href":"https:\/\/stb-dao.de\/vi\/wp-json\/wp\/v2\/pages\/135"}],"wp:attachment":[{"href":"https:\/\/stb-dao.de\/vi\/wp-json\/wp\/v2\/media?parent=1254"}],"curies":[{"name":"wp","href":"https:\/\/api.w.org\/{rel}","templated":true}]}}