{"id":1256,"date":"2026-01-28T21:37:22","date_gmt":"2026-01-28T21:37:22","guid":{"rendered":"https:\/\/stb-dao.vinabau.de\/?page_id=1256"},"modified":"2026-03-15T20:20:28","modified_gmt":"2026-03-15T20:20:28","slug":"privatpersonen","status":"publish","type":"page","link":"https:\/\/stb-dao.de\/vi\/leistungen\/privatpersonen\/","title":{"rendered":"Thu\u1ebf cho C\u00e1 Nh\u00e2n"},"content":{"rendered":"<div class=\"row\"  id=\"row-150757197\">\n\n\t<div id=\"col-1140235547\" class=\"col small-12 large-12\"  >\n\t\t\t\t<div class=\"col-inner\"  >\n\t\t\t\n\t\t\t\n<h1 class=\"ci1\">T\u01b0 v\u1ea5n thu\u1ebf &amp; K\u00ea khai thu\u1ebf C\u00e1 nh\u00e2n<\/h1>\n<p><strong>H\u1ed7 tr\u1ee3 chuy\u00ean nghi\u1ec7p cho c\u00e1c v\u1ea5n \u0111\u1ec1 thu\u1ebf c\u00e1 nh\u00e2n c\u1ee7a b\u1ea1n<\/strong><\/p>\n<p>Ngay c\u1ea3 trong l\u0129nh v\u1ef1c c\u00e1 nh\u00e2n, c\u00e1c quy \u0111\u1ecbnh thu\u1ebf c\u0169ng c\u00f3 th\u1ec3 tr\u1edf n\u00ean ph\u1ee9c t\u1ea1p nhanh ch\u00f3ng. D\u00f9 l\u00e0 k\u00ea khai thu\u1ebf thu nh\u1eadp h\u00e0ng n\u0103m hay c\u00e1c giao d\u1ecbch chuy\u1ec3n nh\u01b0\u1ee3ng t\u00e0i s\u1ea3n \u0111\u1eb7c bi\u1ec7t, s\u1ef1 t\u01b0 v\u1ea5n chuy\u00ean nghi\u1ec7p gi\u00fap b\u1ea1n tr\u00e1nh sai s\u00f3t, n\u1ed9p h\u1ed3 s\u01a1 \u0111\u00fang h\u1ea1n v\u00e0 t\u1eadn d\u1ee5ng t\u1ed1i \u0111a c\u00e1c l\u1ee3i \u00edch thu\u1ebf.<\/p>\n<p>AD Steuerberatungsgesellschaft mbH \u0111\u1ed3ng h\u00e0nh \u0111\u00e1ng tin c\u1eady v\u1edbi b\u1ea1n trong c\u00e1c v\u1ea5n \u0111\u1ec1 thu\u1ebf c\u00e1 nh\u00e2n t\u1ea1i \u0110\u1ee9c. Ch\u00fang t\u00f4i t\u01b0 v\u1ea5n cho kh\u00e1ch h\u00e0ng v\u1edbi \u0111a d\u1ea1ng t\u00ecnh hu\u1ed1ng thu nh\u1eadp v\u00e0 t\u00e0i s\u1ea3n, \u0111\u1ea3m b\u1ea3o th\u1ee7 t\u1ee5c minh b\u1ea1ch, \u0111\u00fang ph\u00e1p lu\u1eadt v\u00e0 d\u1ec5 hi\u1ec3u.<\/p>\n<p><strong>D\u1ecbch v\u1ee5 k\u00ea khai thu\u1ebf c\u00e1 nh\u00e2n<\/strong><\/p>\n<p>Ch\u00fang t\u00f4i h\u1ed7 tr\u1ee3 b\u1ea1n to\u00e0n di\u1ec7n trong c\u00e1c ngh\u0129a v\u1ee5 thu\u1ebf c\u00e1 nh\u00e2n, bao g\u1ed3m:<\/p>\n<ul>\n<li>K\u00ea khai thu\u1ebf thu nh\u1eadp c\u00e1 nh\u00e2n (Einkommensteuer)<\/li>\n<li>Thu\u1ebf th\u1eeba k\u1ebf (Erbschaftsteuer)<\/li>\n<li>Thu\u1ebf qu\u00e0 t\u1eb7ng (Schenkungssteuer)<\/li>\n<li>K\u00ea khai gi\u00e1 tr\u1ecb t\u00e0i s\u1ea3n th\u1ed1ng nh\u1ea5t (Einheitswert)<\/li>\n<li>C\u1ea5p gi\u1ea5y ch\u1ee9ng nh\u1eadn kh\u00f4ng ph\u1ea3i n\u1ed9p thu\u1ebf (Nichtveranlagungsbescheinigungen)<\/li>\n<\/ul>\n<p>Ch\u00fang t\u00f4i ki\u1ec3m tra k\u1ef9 l\u01b0\u1ee1ng m\u1ecdi th\u00f4ng tin li\u00ean quan v\u00e0 t\u1eadn d\u1ee5ng c\u00e1c c\u01a1 h\u1ed9i h\u1ee3p ph\u00e1p \u0111\u1ec3 t\u1ed1i \u01b0u h\u00f3a ngh\u0129a v\u1ee5 thu\u1ebf trong ph\u1ea1m vi lu\u1eadt cho ph\u00e9p.<\/p>\n<p><strong>T\u1ea1i sao ch\u1ecdn ch\u00fang t\u00f4i ?<\/strong><\/p>\n<p>V\u1edbi vai tr\u00f2 l\u00e0 \u0111\u1ed1i t\u00e1c t\u01b0 v\u1ea5n thu\u1ebf c\u00e1 nh\u00e2n uy t\u00edn t\u1ea1i \u0110\u1ee9c, ch\u00fang t\u00f4i \u0111\u1eb7c bi\u1ec7t t\u1eadn t\u00e2m, gi\u1eef k\u00edn th\u00f4ng tin v\u00e0 gi\u1ea3i th\u00edch r\u00f5 r\u00e0ng. B\u1ea1n s\u1ebd nh\u1eadn \u0111\u01b0\u1ee3c c\u00e2u tr\u1ea3 l\u1eddi d\u1ec5 hi\u1ec3u cho nh\u1eefng v\u1ea5n \u0111\u1ec1 thu\u1ebf ph\u1ee9c t\u1ea1p, \u0111\u1ed3ng th\u1eddi y\u00ean t\u00e2m r\u1eb1ng h\u1ed3 s\u01a1 c\u1ee7a b\u1ea1n lu\u00f4n \u0111\u01b0\u1ee3c x\u1eed l\u00fd chuy\u00ean nghi\u1ec7p v\u00e0 \u0111\u00fang h\u1ea1n.<\/p>\n<p>Nh\u1edd d\u1ecbch v\u1ee5 song ng\u1eef \u0110\u1ee9c \u2013 Vi\u1ec7t, ngay c\u1ea3 nh\u1eefng v\u1ea5n \u0111\u1ec1 thu\u1ebf ph\u1ee9c t\u1ea1p c\u0169ng \u0111\u01b0\u1ee3c gi\u1ea3i th\u00edch minh b\u1ea1ch, gi\u00fap b\u1ea1n lu\u00f4n n\u1eafm r\u00f5 t\u00ecnh h\u00ecnh thu\u1ebf c\u00e1 nh\u00e2n c\u1ee7a m\u00ecnh.<\/p>\n<a href=\"\/vi\/kontakt\/\" target=\"_self\" class=\"button primary\"  style=\"border-radius:99px;\">\n    <span>\u0110\u1eb7t L\u1ecbch h\u1eb9n ngay h\u00f4m nay<\/span>\n  <\/a>\n\n\t\t<\/div>\n\t\t\t\t\t<\/div>\n\n\t\n<\/div>","protected":false},"excerpt":{"rendered":"","protected":false},"author":3,"featured_media":0,"parent":135,"menu_order":0,"comment_status":"closed","ping_status":"closed","template":"","meta":{"footnotes":""},"class_list":["post-1256","page","type-page","status-publish","hentry"],"_links":{"self":[{"href":"https:\/\/stb-dao.de\/vi\/wp-json\/wp\/v2\/pages\/1256","targetHints":{"allow":["GET"]}}],"collection":[{"href":"https:\/\/stb-dao.de\/vi\/wp-json\/wp\/v2\/pages"}],"about":[{"href":"https:\/\/stb-dao.de\/vi\/wp-json\/wp\/v2\/types\/page"}],"author":[{"embeddable":true,"href":"https:\/\/stb-dao.de\/vi\/wp-json\/wp\/v2\/users\/3"}],"replies":[{"embeddable":true,"href":"https:\/\/stb-dao.de\/vi\/wp-json\/wp\/v2\/comments?post=1256"}],"version-history":[{"count":3,"href":"https:\/\/stb-dao.de\/vi\/wp-json\/wp\/v2\/pages\/1256\/revisions"}],"predecessor-version":[{"id":1323,"href":"https:\/\/stb-dao.de\/vi\/wp-json\/wp\/v2\/pages\/1256\/revisions\/1323"}],"up":[{"embeddable":true,"href":"https:\/\/stb-dao.de\/vi\/wp-json\/wp\/v2\/pages\/135"}],"wp:attachment":[{"href":"https:\/\/stb-dao.de\/vi\/wp-json\/wp\/v2\/media?parent=1256"}],"curies":[{"name":"wp","href":"https:\/\/api.w.org\/{rel}","templated":true}]}}