{"id":139,"date":"2023-04-26T11:45:55","date_gmt":"2023-04-26T11:45:55","guid":{"rendered":"https:\/\/mkqjdsbb.nethost-4111.000web.xyz\/wordpress\/?page_id=139"},"modified":"2023-06-21T08:57:53","modified_gmt":"2023-06-21T08:57:53","slug":"karriere","status":"publish","type":"page","link":"https:\/\/stb-dao.de\/vi\/karriere\/","title":{"rendered":"JOBS"},"content":{"rendered":"<div id=\"page-header-913014312\" class=\"page-header-wrapper\">\n  <div class=\"page-title dark featured-title\">\n\n    \n    <div class=\"page-title-inner container align-center text-center flex-row-col medium-flex-wrap\" >\n              <div class=\"title-wrapper flex-col\">\n          <h1 class=\"entry-title mb-0\">\n            JOBS          <\/h1>\n        <\/div>\n                    <div class=\"title-content flex-col\">\n              <\/div>\n    <\/div>\n\n       <\/div>\n    <\/div>\n  \n\t<div id=\"text-3307951849\" class=\"text\">\n\t\t\n<p>T\u00ecm c\u1ed9ng s\u1ef1\nV\u0103n ph\u00f2ng thu\u1ebf (steuerkanzlei) c\u1ee7a m\u00ecnh \u1edf Berlin \u0111ang mu\u1ed1n t\u00ecm nh\u00e2n s\u1ef1.\nY\u00eau c\u1ea7u:<\/p>\n<ul>\n<li>\u2013 bi\u1ebft c\u01a1 b\u1ea3n v\u1ec1 microsoft office<\/li>\n<li>\u2013 N\u1ebfu c\u00f3 xiu x\u00edu ki\u1ebfn th\u1ee9c v\u1ec1 rechnungswesen, ho\u1eb7c c\u00f3 kinh nghi\u1ec7m qua praktikum v\u1ec1 buchhaltung\/steuerberatung th\u00ec qu\u00e1 l\u00e0 t\u1ed1t<\/li>\n<li>\u2013 V\u0103n ph\u00f2ng tr\u1ebb, chuy\u00ean nghi\u1ec7p<\/li>\n<li>\u2013 Nhi\u1ec1u c\u01a1 h\u1ed9i \u0111\u1ec3 ph\u00e1t tri\u1ec3n v\u00e0 h\u1ecdc h\u1ecfi, \u0111\u1eb7c bi\u1ec7t nh\u1eefng b\u1ea1n c\u00f3 y\u00eau th\u00edch v\u1edbi ngh\u1ec1 k\u1ebf to\u00e1n v\u00e0 thu\u1ebf. M\u00ecnh t\u1ef1 tin b\u1ea1n s\u1ebd h\u1ecdc h\u1ecfi \u0111\u01b0\u1ee3c nhi\u1ec1u kinh nghi\u1ec7m.\nL\u1ee3i \u00edch l\u00e2u d\u00e0i:\nV\u1edbi nh\u1eefng b\u1ea1n n\u00e0o h\u1ecdc ng\u00e0nh BWL th\u00ec m\u00ecnh s\u1ebd \u0111\u00e0o t\u1ea1o c\u00e1c b\u1ea1n tr\u1edf th\u00e0nh Steuerberater v\u00e0 c\u00f3 gi\u1ea5y c\u01b0 tr\u00fa \u1edf l\u1ea1i n\u01b0\u1edbc \u0110\u1ee9c.<\/li>\n<\/ul>\n<p>Email: info@stb-dao.de<br \/>Phuong Anh Dao<br \/>B.Sc Steuerberaterin<\/p>\n\t\t\n<style>\n#text-3307951849 {\n  text-align: left;\n}\n<\/style>\n\t<\/div>","protected":false},"excerpt":{"rendered":"","protected":false},"author":1,"featured_media":0,"parent":0,"menu_order":0,"comment_status":"closed","ping_status":"closed","template":"","meta":{"footnotes":""},"class_list":["post-139","page","type-page","status-publish","hentry"],"_links":{"self":[{"href":"https:\/\/stb-dao.de\/vi\/wp-json\/wp\/v2\/pages\/139","targetHints":{"allow":["GET"]}}],"collection":[{"href":"https:\/\/stb-dao.de\/vi\/wp-json\/wp\/v2\/pages"}],"about":[{"href":"https:\/\/stb-dao.de\/vi\/wp-json\/wp\/v2\/types\/page"}],"author":[{"embeddable":true,"href":"https:\/\/stb-dao.de\/vi\/wp-json\/wp\/v2\/users\/1"}],"replies":[{"embeddable":true,"href":"https:\/\/stb-dao.de\/vi\/wp-json\/wp\/v2\/comments?post=139"}],"version-history":[{"count":3,"href":"https:\/\/stb-dao.de\/vi\/wp-json\/wp\/v2\/pages\/139\/revisions"}],"predecessor-version":[{"id":755,"href":"https:\/\/stb-dao.de\/vi\/wp-json\/wp\/v2\/pages\/139\/revisions\/755"}],"wp:attachment":[{"href":"https:\/\/stb-dao.de\/vi\/wp-json\/wp\/v2\/media?parent=139"}],"curies":[{"name":"wp","href":"https:\/\/api.w.org\/{rel}","templated":true}]}}